{"id":1736,"date":"2023-10-06T00:42:16","date_gmt":"2023-10-06T03:42:16","guid":{"rendered":"https:\/\/esperanto.org.br\/kongreso\/events\/"},"modified":"2025-11-10T22:17:53","modified_gmt":"2025-11-11T01:17:53","slug":"programo","status":"publish","type":"page","link":"https:\/\/esperanto.org.br\/kongreso\/pt-br\/programo\/","title":{"rendered":"Programa\u00e7\u00e3o"},"content":{"rendered":"<p>Confira a programa\u00e7\u00e3o do evento no arquivo abaixo.<\/p>\n\n\n\n<div data-wp-interactive=\"core\/file\" class=\"wp-block-file\"><object data-wp-bind--hidden=\"!state.hasPdfPreview\" hidden class=\"wp-block-file__embed\" data=\"https:\/\/esperanto.org.br\/kongreso\/wp-content\/uploads\/2025\/11\/Programacao-BKE-2025.pdf\" type=\"application\/pdf\" style=\"width:100%;height:600px\" aria-label=\"Incorporado de Programa\u00e7\u00e3o-BKE-2025.\"><\/object><a id=\"wp-block-file--media-b526f709-06cf-4f56-97b8-cd5dac7c2109\" href=\"https:\/\/esperanto.org.br\/kongreso\/wp-content\/uploads\/2025\/11\/Programacao-BKE-2025.pdf\">Programa\u00e7\u00e3o-BKE-2025<\/a><a href=\"https:\/\/esperanto.org.br\/kongreso\/wp-content\/uploads\/2025\/11\/Programacao-BKE-2025.pdf\" class=\"wp-block-file__button wp-element-button\" download aria-describedby=\"wp-block-file--media-b526f709-06cf-4f56-97b8-cd5dac7c2109\">Baixar<\/a><\/div>","protected":false},"excerpt":{"rendered":"<p>CONTENTS<\/p>","protected":false},"author":3,"featured_media":0,"parent":0,"menu_order":0,"comment_status":"closed","ping_status":"open","template":"","meta":{"iawp_total_views":1203,"footnotes":""},"class_list":["post-1736","page","type-page","status-publish","hentry"],"blocksy_meta":[],"_links":{"self":[{"href":"https:\/\/esperanto.org.br\/kongreso\/pt-br\/wp-json\/wp\/v2\/pages\/1736","targetHints":{"allow":["GET"]}}],"collection":[{"href":"https:\/\/esperanto.org.br\/kongreso\/pt-br\/wp-json\/wp\/v2\/pages"}],"about":[{"href":"https:\/\/esperanto.org.br\/kongreso\/pt-br\/wp-json\/wp\/v2\/types\/page"}],"author":[{"embeddable":true,"href":"https:\/\/esperanto.org.br\/kongreso\/pt-br\/wp-json\/wp\/v2\/users\/3"}],"replies":[{"embeddable":true,"href":"https:\/\/esperanto.org.br\/kongreso\/pt-br\/wp-json\/wp\/v2\/comments?post=1736"}],"version-history":[{"count":12,"href":"https:\/\/esperanto.org.br\/kongreso\/pt-br\/wp-json\/wp\/v2\/pages\/1736\/revisions"}],"predecessor-version":[{"id":2764,"href":"https:\/\/esperanto.org.br\/kongreso\/pt-br\/wp-json\/wp\/v2\/pages\/1736\/revisions\/2764"}],"wp:attachment":[{"href":"https:\/\/esperanto.org.br\/kongreso\/pt-br\/wp-json\/wp\/v2\/media?parent=1736"}],"curies":[{"name":"wp","href":"https:\/\/api.w.org\/{rel}","templated":true}]}}