{"id":2354,"date":"2024-09-20T20:53:49","date_gmt":"2024-09-20T23:53:49","guid":{"rendered":"https:\/\/esperanto.org.br\/kongreso\/?page_id=2354"},"modified":"2025-07-31T15:39:19","modified_gmt":"2025-07-31T18:39:19","slug":"aligxilo","status":"publish","type":"page","link":"https:\/\/esperanto.org.br\/kongreso\/pt-br\/antaukongreso\/aligxilo\/","title":{"rendered":"Pr\u00e9-congresso \u2013 inscri\u00e7\u00e3o"},"content":{"rendered":"<p>Aqui voc\u00ea pode se inscrever nas excurs\u00f5es do nosso pr\u00e9-congresso. <a href=\"https:\/\/esperanto.org.br\/kongreso\/pt-br\/antaukongreso\/\" data-type=\"page\" data-id=\"2097\">Visite esta p\u00e1gina<\/a> para ler mais sobre ele.<\/p>\n\n\n\n<p>Preencha o formul\u00e1rio abaixo e pague por cart\u00e3o para se inscrever.<\/p>\n\n\n\n<div class=\"wp-block-columns is-layout-flex wp-container-core-columns-is-layout-28f84493 wp-block-columns-is-layout-flex\">\n<div class=\"wp-block-column has-palette-color-6-background-color has-background is-layout-flow wp-block-column-is-layout-flow\" style=\"flex-basis:10px\"><\/div>\n\n\n\n<div class=\"wp-block-column is-layout-flow wp-block-column-is-layout-flow\">\n<p><strong>Importante<\/strong><\/p>\n\n\n\n<p>O formul\u00e1rio desta p\u00e1gina aceita pagamentos apenas por cart\u00e3o e em apenas uma vez. Se voc\u00ea deseja pagar por PIX ou boleto, ou se quiser dividir em v\u00e1rias parcelas, fa\u00e7a sua inscri\u00e7\u00e3o na BEL@Butiko, nossa loja oficial. Voc\u00ea tamb\u00e9m pode aproveitar a visita para se inscrever no congresso, aderir \u00e0 BEL, comprar livros, etc.<\/p>\n\n\n\n<div class=\"wp-block-buttons is-layout-flex wp-block-buttons-is-layout-flex\">\n<div class=\"wp-block-button\"><a class=\"wp-block-button__link wp-element-button\" href=\"https:\/\/loja.esperanto.org.br\/produto\/precongresso2025\/\" target=\"_blank\" rel=\"noreferrer noopener\">Me leve para a BEL@Butiko<\/a><\/div>\n<\/div>\n<\/div>\n<\/div>\n\n\n\n<div class=\"forminator-guttenberg\">\t\t\t<div class=\"forminator-custom-form\">\n\t\t\t\t\t\t\t\t\t<label class=\"forminator-label--info\"><span>Beda\u016drinde, la anta\u016dkongreso jam fini\u011dis.<\/span><\/label>\n\t\t\t\t\t\t\t<\/div>\n\t\t\t<\/div>","protected":false},"excerpt":{"rendered":"<p>\u0108i tie vi povas ali\u011di al la ekskursoj de nia anta\u016dkongreso. Vizitu \u0109i tiun pa\u011don por legi informojn pri \u011di. Plenigu la suban formularon kaj pagu per karto por ali\u011di. Grava informo La formularo en \u0109i tiu pa\u011do ebligas pagojn nur per karto kaj en nur unu fojo. Se vi volas pagi per PIX a\u016d [&hellip;]<\/p>","protected":false},"author":3,"featured_media":0,"parent":2097,"menu_order":0,"comment_status":"closed","ping_status":"closed","template":"","meta":{"iawp_total_views":153,"footnotes":""},"class_list":["post-2354","page","type-page","status-publish","hentry"],"blocksy_meta":[],"_links":{"self":[{"href":"https:\/\/esperanto.org.br\/kongreso\/pt-br\/wp-json\/wp\/v2\/pages\/2354","targetHints":{"allow":["GET"]}}],"collection":[{"href":"https:\/\/esperanto.org.br\/kongreso\/pt-br\/wp-json\/wp\/v2\/pages"}],"about":[{"href":"https:\/\/esperanto.org.br\/kongreso\/pt-br\/wp-json\/wp\/v2\/types\/page"}],"author":[{"embeddable":true,"href":"https:\/\/esperanto.org.br\/kongreso\/pt-br\/wp-json\/wp\/v2\/users\/3"}],"replies":[{"embeddable":true,"href":"https:\/\/esperanto.org.br\/kongreso\/pt-br\/wp-json\/wp\/v2\/comments?post=2354"}],"version-history":[{"count":10,"href":"https:\/\/esperanto.org.br\/kongreso\/pt-br\/wp-json\/wp\/v2\/pages\/2354\/revisions"}],"predecessor-version":[{"id":2706,"href":"https:\/\/esperanto.org.br\/kongreso\/pt-br\/wp-json\/wp\/v2\/pages\/2354\/revisions\/2706"}],"up":[{"embeddable":true,"href":"https:\/\/esperanto.org.br\/kongreso\/pt-br\/wp-json\/wp\/v2\/pages\/2097"}],"wp:attachment":[{"href":"https:\/\/esperanto.org.br\/kongreso\/pt-br\/wp-json\/wp\/v2\/media?parent=2354"}],"curies":[{"name":"wp","href":"https:\/\/api.w.org\/{rel}","templated":true}]}}