{"id":2541,"date":"2025-05-02T15:20:42","date_gmt":"2025-05-02T18:20:42","guid":{"rendered":"https:\/\/esperanto.org.br\/kongreso\/?page_id=2541"},"modified":"2025-05-03T17:38:16","modified_gmt":"2025-05-03T20:38:16","slug":"tago-1","status":"publish","type":"page","link":"https:\/\/esperanto.org.br\/kongreso\/pt-br\/antaukongreso\/tago-1\/","title":{"rendered":"Dia 1: Um dia em Bras\u00edlia"},"content":{"rendered":"<div class=\"wp-block-cover alignfull has-palette-color-3-color has-text-color has-link-color wp-elements-caff40d1ba94d200afac0b28e4d2fb54\" style=\"min-height:30vh;aspect-ratio:unset;\"><img decoding=\"async\" width=\"800\" height=\"565\" class=\"wp-block-cover__image-background wp-image-2544 size-full\" alt=\"\" src=\"https:\/\/esperanto.org.br\/kongreso\/wp-content\/uploads\/2025\/05\/tago1.2-ezgif.com-jpg-to-webp-converter.webp\" data-object-fit=\"cover\" srcset=\"https:\/\/esperanto.org.br\/kongreso\/wp-content\/uploads\/2025\/05\/tago1.2-ezgif.com-jpg-to-webp-converter.webp 800w, https:\/\/esperanto.org.br\/kongreso\/wp-content\/uploads\/2025\/05\/tago1.2-ezgif.com-jpg-to-webp-converter-300x212.webp 300w, https:\/\/esperanto.org.br\/kongreso\/wp-content\/uploads\/2025\/05\/tago1.2-ezgif.com-jpg-to-webp-converter-768x542.webp 768w, https:\/\/esperanto.org.br\/kongreso\/wp-content\/uploads\/2025\/05\/tago1.2-ezgif.com-jpg-to-webp-converter-18x12.webp 18w\" sizes=\"(max-width: 800px) 100vw, 800px\" \/><span aria-hidden=\"true\" class=\"wp-block-cover__background has-palette-color-7-background-color has-background-dim-70 has-background-dim\"><\/span><div class=\"wp-block-cover__inner-container is-layout-constrained wp-block-cover-is-layout-constrained\"><h1 class=\"wp-block-post-title\">Dia 1: Um dia em Bras\u00edlia<\/h1>\n\n<\/div><\/div>\n\n\n\n<p>Visitantes e moradores da capital poder\u00e3o fazer um tour completo por terra e pelo Lago Parano\u00e1. Neste passeio, vamos primeiro passear pelo maior lago urbano artificial despolu\u00eddo do mundo.<\/p>\n\n\n\n<p>Ap\u00f3s o passeio e almo\u00e7o, nossos convidados poder\u00e3o conhecer os monumentos do cora\u00e7\u00e3o da cidade, na Esplanada dos Minist\u00e9rios onde faremos uma viagem c\u00edvica e hist\u00f3rica dentro do Congresso Nacional.<\/p>\n\n\n\n<p>O circuito conta com marcos hist\u00f3ricos, culturais e arquitet\u00f4nicos da capital, como Congresso Nacional, Memorial JK, Pra\u00e7a dos Tr\u00eas Poderes, Pal\u00e1cio da Alvorada, Catedral Metropolitana, entre outros. Al\u00e9m disso, os participantes ter\u00e3o momentos para fotos e contempla\u00e7\u00e3o em paradas estrat\u00e9gicas.<\/p>\n\n\n\n<div class=\"wp-block-group alignfull has-palette-color-7-background-color has-background is-layout-constrained wp-block-group-is-layout-constrained\">\n<div class=\"wp-block-group is-layout-grid wp-container-core-group-is-layout-cb1fd70c wp-block-group-is-layout-grid\">\n<div class=\"wp-block-group is-layout-constrained wp-block-group-is-layout-constrained\">\n<figure class=\"wp-block-image aligncenter size-full\"><img decoding=\"async\" width=\"500\" height=\"300\" src=\"https:\/\/esperanto.org.br\/kongreso\/wp-content\/uploads\/2025\/05\/tago1.4.webp\" alt=\"\" class=\"wp-image-2640\" srcset=\"https:\/\/esperanto.org.br\/kongreso\/wp-content\/uploads\/2025\/05\/tago1.4.webp 500w, https:\/\/esperanto.org.br\/kongreso\/wp-content\/uploads\/2025\/05\/tago1.4-300x180.webp 300w, https:\/\/esperanto.org.br\/kongreso\/wp-content\/uploads\/2025\/05\/tago1.4-18x12.webp 18w\" sizes=\"(max-width: 500px) 100vw, 500px\" \/><\/figure>\n\n\n\n<h2 class=\"wp-block-heading has-text-align-center\" style=\"font-size:clamp(0.984em, 0.984rem + ((1vw - 0.2em) * 0.645), 1.5em);\">Museu Vivo da Mem\u00f3ria Candanga<\/h2>\n\n\n\n<p>Um espa\u00e7o com ares da hist\u00f3ria da constru\u00e7\u00e3o de Bras\u00edlia. Ao visitarmos o Museu Vivo da Mem\u00f3ria Candanga, podemos sentir que estamos em uma viagem no tempo. Os cen\u00e1rios, objetivos e fotos presentes no local rememoram o in\u00edcio da capital brasileira, uma cidade criada a partir do sonho de <a href=\"https:\/\/eo.wikipedia.org\/wiki\/Juscelino_Kubitschek\" data-type=\"link\" data-id=\"https:\/\/eo.wikipedia.org\/wiki\/Juscelino_Kubitschek\" target=\"_blank\" rel=\"noreferrer noopener\">Juscelino Kubitschek<\/a>. E \u00e9 por JK que a hist\u00f3ria do espa\u00e7o fica ainda mais interessante.<\/p>\n<\/div>\n\n\n\n<div class=\"wp-block-group is-layout-constrained wp-block-group-is-layout-constrained\">\n<figure class=\"wp-block-image aligncenter size-full\"><img decoding=\"async\" width=\"500\" height=\"300\" src=\"https:\/\/esperanto.org.br\/kongreso\/wp-content\/uploads\/2025\/05\/tago1.5.webp\" alt=\"\" class=\"wp-image-2648\" srcset=\"https:\/\/esperanto.org.br\/kongreso\/wp-content\/uploads\/2025\/05\/tago1.5.webp 500w, https:\/\/esperanto.org.br\/kongreso\/wp-content\/uploads\/2025\/05\/tago1.5-300x180.webp 300w, https:\/\/esperanto.org.br\/kongreso\/wp-content\/uploads\/2025\/05\/tago1.5-18x12.webp 18w\" sizes=\"(max-width: 500px) 100vw, 500px\" \/><\/figure>\n\n\n\n<h2 class=\"wp-block-heading has-text-align-center\" style=\"font-size:clamp(0.984em, 0.984rem + ((1vw - 0.2em) * 0.645), 1.5em);\">Museu Catetinho<\/h2>\n\n\n\n<p>O Catetinho foi \u00e0 primeira resid\u00eancia oficial do presidente Juscelino Kubitschek no novo Distrito Federal na \u00e9poca da constru\u00e7\u00e3o da nova capital do pa\u00eds, Bras\u00edlia. Projeto de <a href=\"https:\/\/eo.wikipedia.org\/wiki\/Oscar_Niemeyer\" data-type=\"link\" data-id=\"https:\/\/eo.wikipedia.org\/wiki\/Oscar_Niemeyer\" target=\"_blank\" rel=\"noreferrer noopener\">Oscar Niemeyer<\/a>, foi constru\u00eddo em apenas 10 dias, em novembro de 1956, \u00e9 um pr\u00e9dio simples, feito de madeira, e conhecido como \"Pal\u00e1cio de T\u00e1buas\".<\/p>\n<\/div>\n\n\n\n<div class=\"wp-block-group is-layout-constrained wp-block-group-is-layout-constrained\">\n<figure class=\"wp-block-image aligncenter size-full\"><img decoding=\"async\" width=\"500\" height=\"300\" src=\"https:\/\/esperanto.org.br\/kongreso\/wp-content\/uploads\/2025\/05\/tago1.6.webp\" alt=\"\" class=\"wp-image-2643\" srcset=\"https:\/\/esperanto.org.br\/kongreso\/wp-content\/uploads\/2025\/05\/tago1.6.webp 500w, https:\/\/esperanto.org.br\/kongreso\/wp-content\/uploads\/2025\/05\/tago1.6-300x180.webp 300w, https:\/\/esperanto.org.br\/kongreso\/wp-content\/uploads\/2025\/05\/tago1.6-18x12.webp 18w\" sizes=\"(max-width: 500px) 100vw, 500px\" \/><\/figure>\n\n\n\n<h2 class=\"wp-block-heading has-text-align-center\" style=\"font-size:clamp(0.984em, 0.984rem + ((1vw - 0.2em) * 0.645), 1.5em);\">Congresso Nacional<\/h2>\n\n\n\n<p>O Pal\u00e1cio do Congresso Nacional \u00e9 um dos pilares da arquitetura monumental de Niemeyer que d\u00e3o forma \u00e0 capital inaugurada em 1960. O tour tradicional ao Congresso Nacional inclui os principais espa\u00e7os emblem\u00e1ticos como o Sal\u00e3o Negro, Sal\u00e3o Verde, Plen\u00e1rios da C\u00e2mara e do Senado, al\u00e9m de \u00e1reas como o Museu Hist\u00f3rico Itamar Franco e o Museu da C\u00e2mara dos Deputados.<\/p>\n<\/div>\n\n\n\n<div class=\"wp-block-group is-layout-constrained wp-block-group-is-layout-constrained\">\n<figure class=\"wp-block-image aligncenter size-full\"><img decoding=\"async\" width=\"500\" height=\"300\" src=\"https:\/\/esperanto.org.br\/kongreso\/wp-content\/uploads\/2025\/05\/tago1.7.webp\" alt=\"\" class=\"wp-image-2644\" srcset=\"https:\/\/esperanto.org.br\/kongreso\/wp-content\/uploads\/2025\/05\/tago1.7.webp 500w, https:\/\/esperanto.org.br\/kongreso\/wp-content\/uploads\/2025\/05\/tago1.7-300x180.webp 300w, https:\/\/esperanto.org.br\/kongreso\/wp-content\/uploads\/2025\/05\/tago1.7-18x12.webp 18w\" sizes=\"(max-width: 500px) 100vw, 500px\" \/><\/figure>\n\n\n\n<h2 class=\"wp-block-heading has-text-align-center\" style=\"font-size:clamp(0.984em, 0.984rem + ((1vw - 0.2em) * 0.645), 1.5em);\">Memorial JK<\/h2>\n\n\n\n<p>O Memorial JK \u00e9 um espa\u00e7o dedicado a guardar a hist\u00f3ria e os restos mortais de Juscelino Kubitschek, presidente brasileiro respons\u00e1vel pela mudan\u00e7a da capital brasileira do Rio de Janeiro para Bras\u00edlia. O edif\u00edcio, famoso pela est\u00e1tua de JK que acena aos visitantes do alto da torre de 28 andares, foi projetado por Oscar Niemeyer e inaugurado em 1981.<\/p>\n<\/div>\n<\/div>\n<\/div>\n\n\n\n<div class=\"wp-block-columns alignfull has-palette-color-7-color has-palette-color-2-background-color has-text-color has-background has-link-color wp-elements-ae520bd97111bc1f8c3b348a32241cb0 is-layout-flex wp-container-core-columns-is-layout-87535699 wp-block-columns-is-layout-flex\" style=\"margin-top:0;margin-bottom:0;padding-top:0;padding-right:0;padding-bottom:0;padding-left:0\">\n<div class=\"wp-block-column is-layout-flow wp-block-column-is-layout-flow\" style=\"flex-basis:40%\">\n<div class=\"wp-block-cover wp-elements-090b23de48c20d158466ca01ab4f742a\" style=\"min-height:100%;aspect-ratio:unset;\"><img decoding=\"async\" width=\"400\" height=\"491\" class=\"wp-block-cover__image-background wp-image-2543 size-full\" alt=\"\" src=\"https:\/\/esperanto.org.br\/kongreso\/wp-content\/uploads\/2025\/05\/tago1.1.webp\" data-object-fit=\"cover\" srcset=\"https:\/\/esperanto.org.br\/kongreso\/wp-content\/uploads\/2025\/05\/tago1.1.webp 400w, https:\/\/esperanto.org.br\/kongreso\/wp-content\/uploads\/2025\/05\/tago1.1-244x300.webp 244w, https:\/\/esperanto.org.br\/kongreso\/wp-content\/uploads\/2025\/05\/tago1.1-10x12.webp 10w\" sizes=\"(max-width: 400px) 100vw, 400px\" \/><span aria-hidden=\"true\" class=\"wp-block-cover__background has-palette-color-3-background-color has-background-dim-70 has-background-dim\"><\/span><div class=\"wp-block-cover__inner-container is-layout-constrained wp-block-cover-is-layout-constrained\">\n<h3 class=\"wp-block-heading has-text-align-center\" id=\"tago-3\">Um dia em Bras\u00edlia<\/h3>\n\n\n\n<p class=\"has-text-align-center\">Dia 1: 16\/11<\/p>\n<\/div><\/div>\n<\/div>\n\n\n\n<div class=\"wp-block-column is-layout-flow wp-block-column-is-layout-flow\" style=\"padding-top:var(--wp--preset--spacing--30);padding-right:var(--wp--preset--spacing--20);padding-bottom:var(--wp--preset--spacing--30);padding-left:var(--wp--preset--spacing--20);flex-basis:35em\">\n<ul class=\"wp-block-list\">\n<li><strong>Caf\u00e9 da manh\u00e3 livre<\/strong><\/li>\n\n\n\n<li><strong>09:00 \u2013 Encontro no ponto-de-encontro<\/strong><br>Guiagem em portugu\u00eas e esperanto<\/li>\n\n\n\n<li><strong>09:30 \u2013 Sa\u00edda do ponto-de-encontro<\/strong><br>Passeio de barco pela manh\u00e3 para conhecer a cidade de uma perspectiva n\u00e1utica<\/li>\n\n\n\n<li><strong>12:30 \u2013 Almo\u00e7o livre em restaurante local<\/strong><br>Buffet por quilo - TBC<\/li>\n\n\n\n<li><strong>14:00 \u2013 Continua\u00e7\u00e3o do passeio<\/strong><br>Uma das seguintes op\u00e7\u00f5es<sup data-fn=\"baf238bc-1492-4467-9f92-cbb63912974b\" class=\"fn\"><a href=\"#baf238bc-1492-4467-9f92-cbb63912974b\" id=\"baf238bc-1492-4467-9f92-cbb63912974b-link\">1<\/a><\/sup>:\n<ul class=\"wp-block-list\">\n<li>Museu Vivo da Mem\u00f3ria Candanga<\/li>\n\n\n\n<li>Museu do Catetinho<\/li>\n\n\n\n<li>Memorial JK<\/li>\n<\/ul>\n<\/li>\n\n\n\n<li><strong>17:00 \u2013 Fim do passeio e tempo livre<\/strong><\/li>\n\n\n\n<li><strong>19:00 \u2013 Passeio na Feirinha da Torre da TV e jantar livre<\/strong><\/li>\n\n\n\n<li><strong>21:30 \u2013 Retorno<\/strong><\/li>\n<\/ul>\n\n\n<ol class=\"wp-block-footnotes\"><li id=\"baf238bc-1492-4467-9f92-cbb63912974b\">Considerando o tempo para realiza\u00e7\u00e3o do passeio de barco e do almo\u00e7o, ser\u00e1 poss\u00edvel visitar apenas um ponto tur\u00edstico durante o city tour c\u00edvico. <a href=\"#baf238bc-1492-4467-9f92-cbb63912974b-link\" aria-label=\"Ir para a refer\u00eancia 1 na nota de rodap\u00e9\">\u21a9\ufe0e<\/a><\/li><\/ol><\/div>\n<\/div>\n\n\n\n<div class=\"wp-block-group alignfull has-palette-color-5-background-color has-background is-content-justification-center is-layout-flex wp-container-core-group-is-layout-b02886af wp-block-group-is-layout-flex\">\n<h4 class=\"wp-block-heading has-text-align-center\">Pre\u00e7o de \"Um dia em Bras\u00edlia\"<\/h4>\n\n\n\n<p class=\"has-palette-color-2-color has-text-color has-link-color wp-elements-e09354e6b28d86a82f64ea1affa4b0ab\" style=\"font-size:clamp(1.25em, 1.25rem + ((1vw - 0.2em) * 0.938), 2em);\"><strong>R$ 275,00<\/strong><\/p>\n\n\n\n<div class=\"wp-block-buttons is-layout-flex wp-block-buttons-is-layout-flex\">\n<div class=\"wp-block-button\"><a class=\"wp-block-button__link wp-element-button\" href=\"https:\/\/esperanto.org.br\/kongreso\/pt-br\/antaukongreso\/aligxilo\/\">Reservar agora!<\/a><\/div>\n<\/div>\n<\/div>\n\n\n\n<div class=\"wp-block-buttons is-content-justification-center is-layout-flex wp-container-core-buttons-is-layout-a89b3969 wp-block-buttons-is-layout-flex\">\n<div class=\"wp-block-button is-style-outline is-style-outline--1\"><a class=\"wp-block-button__link wp-element-button\" href=\"https:\/\/esperanto.org.br\/kongreso\/pt-br\/antaukongreso\/\">Voltar para a p\u00e1gina do pr\u00e9-congresso<\/a><\/div>\n<\/div>","protected":false},"excerpt":{"rendered":"<p>Vizitantoj kaj lo\u011dantoj de la \u0109efurbo havos plenan promenadon la\u016d tero kaj tra Lago Parano\u00e1. En \u0109i tiu ekskurso, ni unue promenos tra la plej granda senpolucia artefarita urba lago en la mondo. Post la promeno kaj tagman\u011do, la ekskursanoj povos koni la monumentojn de la urbokerno, en Esplanada dos Minist\u00e9rios, kie ni faros civitanan [&hellip;]<\/p>","protected":false},"author":3,"featured_media":0,"parent":2097,"menu_order":0,"comment_status":"closed","ping_status":"closed","template":"","meta":{"iawp_total_views":204,"footnotes":"[{\"content\":\"Konsiderante la tempon por la boata promeno kaj la tagman\u011do, eblos viziti nur unu vidinda\u0135on dum la civitana promeno.\",\"id\":\"baf238bc-1492-4467-9f92-cbb63912974b\"}]"},"class_list":["post-2541","page","type-page","status-publish","hentry"],"blocksy_meta":{"has_hero_section":"disabled","styles_descriptor":{"styles":{"desktop":"","tablet":"","mobile":""},"google_fonts":[],"version":6},"content_style_source":"inherit","vertical_spacing_source":"custom","content_area_spacing":"bottom"},"_links":{"self":[{"href":"https:\/\/esperanto.org.br\/kongreso\/pt-br\/wp-json\/wp\/v2\/pages\/2541","targetHints":{"allow":["GET"]}}],"collection":[{"href":"https:\/\/esperanto.org.br\/kongreso\/pt-br\/wp-json\/wp\/v2\/pages"}],"about":[{"href":"https:\/\/esperanto.org.br\/kongreso\/pt-br\/wp-json\/wp\/v2\/types\/page"}],"author":[{"embeddable":true,"href":"https:\/\/esperanto.org.br\/kongreso\/pt-br\/wp-json\/wp\/v2\/users\/3"}],"replies":[{"embeddable":true,"href":"https:\/\/esperanto.org.br\/kongreso\/pt-br\/wp-json\/wp\/v2\/comments?post=2541"}],"version-history":[{"count":41,"href":"https:\/\/esperanto.org.br\/kongreso\/pt-br\/wp-json\/wp\/v2\/pages\/2541\/revisions"}],"predecessor-version":[{"id":2654,"href":"https:\/\/esperanto.org.br\/kongreso\/pt-br\/wp-json\/wp\/v2\/pages\/2541\/revisions\/2654"}],"up":[{"embeddable":true,"href":"https:\/\/esperanto.org.br\/kongreso\/pt-br\/wp-json\/wp\/v2\/pages\/2097"}],"wp:attachment":[{"href":"https:\/\/esperanto.org.br\/kongreso\/pt-br\/wp-json\/wp\/v2\/media?parent=2541"}],"curies":[{"name":"wp","href":"https:\/\/api.w.org\/{rel}","templated":true}]}}