{"id":2565,"date":"2025-05-02T15:44:49","date_gmt":"2025-05-02T18:44:49","guid":{"rendered":"https:\/\/esperanto.org.br\/kongreso\/?page_id=2565"},"modified":"2025-05-03T17:38:41","modified_gmt":"2025-05-03T20:38:41","slug":"tago-2","status":"publish","type":"page","link":"https:\/\/esperanto.org.br\/kongreso\/pt-br\/antaukongreso\/tago-2\/","title":{"rendered":"Dia 2: Natureza em Salto do Itiquira"},"content":{"rendered":"<div class=\"wp-block-cover alignfull has-palette-color-3-color has-text-color has-link-color wp-elements-65bd986c6d94ebf1fc57289564f82fb4\" style=\"min-height:30vh;aspect-ratio:unset;\"><img decoding=\"async\" width=\"800\" height=\"448\" class=\"wp-block-cover__image-background wp-image-2620 size-full\" alt=\"\" src=\"https:\/\/esperanto.org.br\/kongreso\/wp-content\/uploads\/2025\/05\/tago2.2.webp\" style=\"object-position:48% 32%\" data-object-fit=\"cover\" data-object-position=\"48% 32%\" srcset=\"https:\/\/esperanto.org.br\/kongreso\/wp-content\/uploads\/2025\/05\/tago2.2.webp 800w, https:\/\/esperanto.org.br\/kongreso\/wp-content\/uploads\/2025\/05\/tago2.2-300x168.webp 300w, https:\/\/esperanto.org.br\/kongreso\/wp-content\/uploads\/2025\/05\/tago2.2-768x430.webp 768w, https:\/\/esperanto.org.br\/kongreso\/wp-content\/uploads\/2025\/05\/tago2.2-18x10.webp 18w\" sizes=\"(max-width: 800px) 100vw, 800px\" \/><span aria-hidden=\"true\" class=\"wp-block-cover__background has-palette-color-7-background-color has-background-dim-70 has-background-dim\"><\/span><div class=\"wp-block-cover__inner-container is-layout-constrained wp-block-cover-is-layout-constrained\"><h1 class=\"wp-block-post-title\">Dia 2: Natureza em Salto do Itiquira<\/h1>\n\n<\/div><\/div>\n\n\n\n<p><strong>O Salto do Itiquira<\/strong> \u00e9 uma queda D'\u00e1gua de 168 metros de altura, localizada em Formosa, interior do estado de Goi\u00e1s, pr\u00f3xima a Bras\u00edlia. Sendo a oitava maior do Brasil e a mais alta de f\u00e1cil acesso, a queda est\u00e1 dentro de uma \u00e1rea protegida: o Parque Municipal de Itiquira.<\/p>\n\n\n\n<p>Forma-se, em sua base, um po\u00e7o, por\u00e9m, n\u00e3o \u00e9 permitido o banho, pois a for\u00e7a da queda d'\u00e1gua \u00e9 muito forte. Logo abaixo, no rio, h\u00e1 outros po\u00e7os com pequenas cachoeiras, onde \u00e9 poss\u00edvel o banho. Depois do salto, o rio forma uma sequ\u00eancia de cachoeiras, corredeiras e po\u00e7os, cobertos por uma densa floresta.<\/p>\n\n\n\n<p>Possui v\u00e1rias nascentes de \u00e1gua mineral e, fora do parque, um clube, restaurante, bares, lanchonetes, \u00e1rea de camping, piscinas de \u00e1gua corrente, hotel e chal\u00e9s.<\/p>\n\n\n\n<p>Se o tempo estiver ensolarado, forma-se um gigantesco arco-\u00edris em volta da cachoeira.<\/p>\n\n\n\n<p>Nas trilhas ecol\u00f3gicas, \u00e9 poss\u00edvel se contemplar as belezas da natureza, as piscinas naturais e o p\u00f4r do sol.<\/p>\n\n\n\n<div class=\"wp-block-columns alignfull has-palette-color-7-color has-palette-color-2-background-color has-text-color has-background has-link-color wp-elements-2cf9be1520bb03d4cea7a21ea2cd035b is-layout-flex wp-container-core-columns-is-layout-87535699 wp-block-columns-is-layout-flex\" style=\"margin-top:0;margin-bottom:0;padding-top:0;padding-right:0;padding-bottom:0;padding-left:0\">\n<div class=\"wp-block-column is-layout-flow wp-block-column-is-layout-flow\" style=\"flex-basis:40%\">\n<div class=\"wp-block-cover wp-elements-4e777175c5c9b4d00ab61028ec624d29\" style=\"min-height:100%;aspect-ratio:unset;\"><img decoding=\"async\" width=\"400\" height=\"498\" class=\"wp-block-cover__image-background wp-image-2576 size-full\" alt=\"\" src=\"https:\/\/esperanto.org.br\/kongreso\/wp-content\/uploads\/2025\/05\/tago2.1.webp\" style=\"object-position:50% 0%\" data-object-fit=\"cover\" data-object-position=\"50% 0%\" srcset=\"https:\/\/esperanto.org.br\/kongreso\/wp-content\/uploads\/2025\/05\/tago2.1.webp 400w, https:\/\/esperanto.org.br\/kongreso\/wp-content\/uploads\/2025\/05\/tago2.1-241x300.webp 241w, https:\/\/esperanto.org.br\/kongreso\/wp-content\/uploads\/2025\/05\/tago2.1-10x12.webp 10w\" sizes=\"(max-width: 400px) 100vw, 400px\" \/><span aria-hidden=\"true\" class=\"wp-block-cover__background has-palette-color-3-background-color has-background-dim-70 has-background-dim\"><\/span><div class=\"wp-block-cover__inner-container is-layout-constrained wp-block-cover-is-layout-constrained\">\n<h3 class=\"wp-block-heading has-text-align-center\" id=\"tago-3\">Natureza em Salto do Itiquira<\/h3>\n\n\n\n<p class=\"has-text-align-center\">Dia 2: 17\/11<\/p>\n<\/div><\/div>\n<\/div>\n\n\n\n<div class=\"wp-block-column is-layout-flow wp-block-column-is-layout-flow\" style=\"padding-top:var(--wp--preset--spacing--30);padding-right:var(--wp--preset--spacing--20);padding-bottom:var(--wp--preset--spacing--30);padding-left:var(--wp--preset--spacing--20);flex-basis:35em\">\n<ul class=\"wp-block-list\">\n<li><strong>Caf\u00e9 da manh\u00e3 livre<\/strong><\/li>\n\n\n\n<li><strong>08:00 \u2013 Encontro no ponto-de-encontro<\/strong><br>Guiagem em portugu\u00eas e esperanto<\/li>\n\n\n\n<li><strong>08:30 \u2013 Sa\u00edda do ponto-de-encontro<\/strong><br>Sa\u00edda com destino a Salto do Itiquira<\/li>\n\n\n\n<li><strong>12:30 \u2013 Almo\u00e7o livre em restaurante local<\/strong><br>Buffet por quilo - TBC<\/li>\n\n\n\n<li><strong>14:00 \u2013 Continua\u00e7\u00e3o do passeio<\/strong><\/li>\n\n\n\n<li><strong>17:00 \u2013 Fim do passeio e tempo livre<\/strong><\/li>\n\n\n\n<li><strong>20:00 \u2013 Jantar livre<\/strong><\/li>\n<\/ul>\n<\/div>\n<\/div>\n\n\n\n<div class=\"wp-block-group alignfull has-palette-color-5-background-color has-background is-content-justification-center is-layout-flex wp-container-core-group-is-layout-b02886af wp-block-group-is-layout-flex\">\n<h4 class=\"wp-block-heading has-text-align-center\">Pre\u00e7o por \"Natureza em Saldo do Itiquira\"<\/h4>\n\n\n\n<p class=\"has-palette-color-2-color has-text-color has-link-color wp-elements-e09354e6b28d86a82f64ea1affa4b0ab\" style=\"font-size:clamp(1.25em, 1.25rem + ((1vw - 0.2em) * 0.938), 2em);\"><strong>R$ 275,00<\/strong><\/p>\n\n\n\n<div class=\"wp-block-buttons is-layout-flex wp-block-buttons-is-layout-flex\">\n<div class=\"wp-block-button\"><a class=\"wp-block-button__link wp-element-button\" href=\"https:\/\/esperanto.org.br\/kongreso\/pt-br\/antaukongreso\/aligxilo\/\">Reservar agora!<\/a><\/div>\n<\/div>\n<\/div>\n\n\n\n<div class=\"wp-block-buttons is-content-justification-center is-layout-flex wp-container-core-buttons-is-layout-a89b3969 wp-block-buttons-is-layout-flex\">\n<div class=\"wp-block-button is-style-outline is-style-outline--1\"><a class=\"wp-block-button__link wp-element-button\" href=\"https:\/\/esperanto.org.br\/kongreso\/pt-br\/antaukongreso\/\">Voltar para a p\u00e1gina do pr\u00e9-congresso<\/a><\/div>\n<\/div>","protected":false},"excerpt":{"rendered":"<p>Salto de Itiquira estas akvofalo 168-metre alta, lokita en Formozo, en Gojaso, proksime al Braziljo. Estante la oka plej granda de Brazilo kaj la plej alta kun facila aliro, la akvofalo estas en protektita areo: la Municipa Parko de Itiquira. En sia bazo, formi\u011das akvujo, sed bani\u011di estas malpermesate, \u0109ar la forto de la akvo [&hellip;]<\/p>","protected":false},"author":3,"featured_media":0,"parent":2097,"menu_order":0,"comment_status":"closed","ping_status":"closed","template":"","meta":{"iawp_total_views":158,"footnotes":"[]"},"class_list":["post-2565","page","type-page","status-publish","hentry"],"blocksy_meta":{"has_hero_section":"disabled","vertical_spacing_source":"custom","content_area_spacing":"bottom","styles_descriptor":{"styles":{"desktop":"","tablet":"","mobile":""},"google_fonts":[],"version":6}},"_links":{"self":[{"href":"https:\/\/esperanto.org.br\/kongreso\/pt-br\/wp-json\/wp\/v2\/pages\/2565","targetHints":{"allow":["GET"]}}],"collection":[{"href":"https:\/\/esperanto.org.br\/kongreso\/pt-br\/wp-json\/wp\/v2\/pages"}],"about":[{"href":"https:\/\/esperanto.org.br\/kongreso\/pt-br\/wp-json\/wp\/v2\/types\/page"}],"author":[{"embeddable":true,"href":"https:\/\/esperanto.org.br\/kongreso\/pt-br\/wp-json\/wp\/v2\/users\/3"}],"replies":[{"embeddable":true,"href":"https:\/\/esperanto.org.br\/kongreso\/pt-br\/wp-json\/wp\/v2\/comments?post=2565"}],"version-history":[{"count":11,"href":"https:\/\/esperanto.org.br\/kongreso\/pt-br\/wp-json\/wp\/v2\/pages\/2565\/revisions"}],"predecessor-version":[{"id":2655,"href":"https:\/\/esperanto.org.br\/kongreso\/pt-br\/wp-json\/wp\/v2\/pages\/2565\/revisions\/2655"}],"up":[{"embeddable":true,"href":"https:\/\/esperanto.org.br\/kongreso\/pt-br\/wp-json\/wp\/v2\/pages\/2097"}],"wp:attachment":[{"href":"https:\/\/esperanto.org.br\/kongreso\/pt-br\/wp-json\/wp\/v2\/media?parent=2565"}],"curies":[{"name":"wp","href":"https:\/\/api.w.org\/{rel}","templated":true}]}}