{"id":2567,"date":"2025-05-02T15:46:06","date_gmt":"2025-05-02T18:46:06","guid":{"rendered":"https:\/\/esperanto.org.br\/kongreso\/?page_id=2567"},"modified":"2025-05-03T17:40:45","modified_gmt":"2025-05-03T20:40:45","slug":"tago-4","status":"publish","type":"page","link":"https:\/\/esperanto.org.br\/kongreso\/pt-br\/antaukongreso\/tago-4\/","title":{"rendered":"Dia 4: Esperanto e luzes em Bras\u00edlia"},"content":{"rendered":"<div class=\"wp-block-cover alignfull has-palette-color-3-color has-text-color has-link-color wp-elements-6bd6377121e445fa9c0b82ed527f9871\" style=\"min-height:30vh;aspect-ratio:unset;\"><img decoding=\"async\" width=\"785\" height=\"586\" class=\"wp-block-cover__image-background wp-image-2631 size-full\" alt=\"\" src=\"https:\/\/esperanto.org.br\/kongreso\/wp-content\/uploads\/2025\/05\/tago4.2.webp\" data-object-fit=\"cover\" srcset=\"https:\/\/esperanto.org.br\/kongreso\/wp-content\/uploads\/2025\/05\/tago4.2.webp 785w, https:\/\/esperanto.org.br\/kongreso\/wp-content\/uploads\/2025\/05\/tago4.2-300x224.webp 300w, https:\/\/esperanto.org.br\/kongreso\/wp-content\/uploads\/2025\/05\/tago4.2-768x573.webp 768w, https:\/\/esperanto.org.br\/kongreso\/wp-content\/uploads\/2025\/05\/tago4.2-16x12.webp 16w\" sizes=\"(max-width: 785px) 100vw, 785px\" \/><span aria-hidden=\"true\" class=\"wp-block-cover__background has-palette-color-7-background-color has-background-dim-70 has-background-dim\"><\/span><div class=\"wp-block-cover__inner-container is-layout-constrained wp-block-cover-is-layout-constrained\"><h1 class=\"wp-block-post-title\">Dia 4: Esperanto e luzes em Bras\u00edlia<\/h1>\n\n<\/div><\/div>\n\n\n\n<p>Neste <strong>city tour panor\u00e2mico noturno<\/strong> em Bras\u00edlia, voc\u00ea viver\u00e1 uma experi\u00eancia tur\u00edstica que te leva a conhecer a capital do Brasil de uma forma diferente, com os monumentos e edif\u00edcios iluminados, revelando uma nova face da cidade.<\/p>\n\n\n\n<p>Voc\u00ea descobrir\u00e1 mais sobre a hist\u00f3ria, arquitetura e cultura de Bras\u00edlia conhecendo a Torre de TV, o Memorial JK, a Catedral Metropolitana, a Esplanada dos Minist\u00e9rios, o Pal\u00e1cio Itamaraty, a Pra\u00e7a dos Tr\u00eas Poderes, o Pal\u00e1cio da Alvorada entre outros.<\/p>\n\n\n\n<p>Como se trata de um tour panor\u00e2mico, faremos paradas estrat\u00e9gicas para que nossos convidados possam tirar fotos e contemplar a beleza da cidade.<\/p>\n\n\n\n<div class=\"wp-block-columns alignfull has-palette-color-7-color has-palette-color-2-background-color has-text-color has-background has-link-color wp-elements-f6fe86e687895cfb063be3383485479b is-layout-flex wp-container-core-columns-is-layout-87535699 wp-block-columns-is-layout-flex\" style=\"margin-top:0;margin-bottom:0;padding-top:0;padding-right:0;padding-bottom:0;padding-left:0\">\n<div class=\"wp-block-column is-layout-flow wp-block-column-is-layout-flow\" style=\"flex-basis:40%\">\n<div class=\"wp-block-cover wp-elements-a2f3c03b4c71c316ae1919c74243fe1c\" style=\"min-height:100%;aspect-ratio:unset;\"><img decoding=\"async\" width=\"400\" height=\"487\" class=\"wp-block-cover__image-background wp-image-2587 size-full\" alt=\"\" src=\"https:\/\/esperanto.org.br\/kongreso\/wp-content\/uploads\/2025\/05\/tago4.1.webp\" data-object-fit=\"cover\" srcset=\"https:\/\/esperanto.org.br\/kongreso\/wp-content\/uploads\/2025\/05\/tago4.1.webp 400w, https:\/\/esperanto.org.br\/kongreso\/wp-content\/uploads\/2025\/05\/tago4.1-246x300.webp 246w, https:\/\/esperanto.org.br\/kongreso\/wp-content\/uploads\/2025\/05\/tago4.1-10x12.webp 10w\" sizes=\"(max-width: 400px) 100vw, 400px\" \/><span aria-hidden=\"true\" class=\"wp-block-cover__background has-palette-color-3-background-color has-background-dim-70 has-background-dim\"><\/span><div class=\"wp-block-cover__inner-container is-layout-constrained wp-block-cover-is-layout-constrained\">\n<h3 class=\"wp-block-heading has-text-align-center\" id=\"tago-3\">Esperanto e luzes em Bras\u00edlia<\/h3>\n\n\n\n<p class=\"has-text-align-center\">Dia 4: 19\/11<\/p>\n<\/div><\/div>\n<\/div>\n\n\n\n<div class=\"wp-block-column is-layout-flow wp-block-column-is-layout-flow\" style=\"padding-top:var(--wp--preset--spacing--30);padding-right:var(--wp--preset--spacing--20);padding-bottom:var(--wp--preset--spacing--30);padding-left:var(--wp--preset--spacing--20);flex-basis:35em\">\n<ul class=\"wp-block-list\">\n<li><strong>Caf\u00e9 da manh\u00e3 livre<\/strong><\/li>\n\n\n\n<li><strong>08:00 \u2013 Encontro no ponto-de-encontro<\/strong><br>Guiagem em portugu\u00eas e esperanto<\/li>\n\n\n\n<li><strong>08:10 \u2013 Sa\u00edda do ponto-de-encontro<\/strong>\n<ul class=\"wp-block-list\">\n<li>Visita \u00e0 Sede da Liga Brasileira de Esperanto<\/li>\n\n\n\n<li>Visita \u00e0 Biblioteca Carlos Domingues<\/li>\n<\/ul>\n<\/li>\n\n\n\n<li><strong>12:30 \u2013 Almo\u00e7o livre<\/strong><\/li>\n\n\n\n<li><strong>16:00 \u2013 Sa\u00edda para city tour noturno<\/strong>\n<ul class=\"wp-block-list\">\n<li>Torre de TV<\/li>\n\n\n\n<li>Memorial JK<\/li>\n\n\n\n<li>Catedral Metropolitana<\/li>\n\n\n\n<li>Esplanada dos Minist\u00e9rios<\/li>\n\n\n\n<li>Pal\u00e1cio Itamaraty<\/li>\n\n\n\n<li>Pra\u00e7a dos Tr\u00eas Poderes<\/li>\n\n\n\n<li>Pal\u00e1cio da Alvorada<\/li>\n<\/ul>\n<\/li>\n\n\n\n<li><strong>20:00 \u2013 Jantar livre em restaurante local a ser informado<\/strong><\/li>\n\n\n\n<li><strong>22:30 \u2013 Retorno<\/strong><\/li>\n<\/ul>\n<\/div>\n<\/div>\n\n\n\n<div class=\"wp-block-group alignfull has-palette-color-5-background-color has-background is-content-justification-center is-layout-flex wp-container-core-group-is-layout-b02886af wp-block-group-is-layout-flex\">\n<h4 class=\"wp-block-heading has-text-align-center\">Pre\u00e7o de \"Esperanto e luzes em Bras\u00edlia\"<\/h4>\n\n\n\n<p class=\"has-palette-color-2-color has-text-color has-link-color wp-elements-980b472bb6ca578ce7afe52033183294\" style=\"font-size:clamp(1.25em, 1.25rem + ((1vw - 0.2em) * 0.938), 2em);\"><strong>R$ 200,00<\/strong><\/p>\n\n\n\n<div class=\"wp-block-buttons is-layout-flex wp-block-buttons-is-layout-flex\">\n<div class=\"wp-block-button\"><a class=\"wp-block-button__link wp-element-button\" href=\"https:\/\/esperanto.org.br\/kongreso\/pt-br\/antaukongreso\/aligxilo\/\">Reservar agora!<\/a><\/div>\n<\/div>\n<\/div>\n\n\n\n<div class=\"wp-block-buttons is-content-justification-center is-layout-flex wp-container-core-buttons-is-layout-a89b3969 wp-block-buttons-is-layout-flex\">\n<div class=\"wp-block-button is-style-outline is-style-outline--1\"><a class=\"wp-block-button__link wp-element-button\" href=\"https:\/\/esperanto.org.br\/kongreso\/pt-br\/antaukongreso\/\">Voltar para a p\u00e1gina do pr\u00e9-congresso<\/a><\/div>\n<\/div>","protected":false},"excerpt":{"rendered":"<p>En \u0109i tiu panorama nokta promenado tra Braziljo, vi havos turisman sperto, kiu igos vin koni la \u0109efurbo de Brazilo en malsama maniero, kun la lumigitaj monumentoj kaj konstrua\u0135oj, kiu montros novan trajton de la urbo. Vi malkovros pli pri la historio, la arkiteturo kaj la kulturo de Braziljo, konante la Torre de TV, Memorial [&hellip;]<\/p>","protected":false},"author":3,"featured_media":0,"parent":2097,"menu_order":0,"comment_status":"closed","ping_status":"closed","template":"","meta":{"iawp_total_views":199,"footnotes":""},"class_list":["post-2567","page","type-page","status-publish","hentry"],"blocksy_meta":{"has_hero_section":"disabled","vertical_spacing_source":"custom","content_area_spacing":"bottom","styles_descriptor":{"styles":{"desktop":"","tablet":"","mobile":""},"google_fonts":[],"version":6}},"_links":{"self":[{"href":"https:\/\/esperanto.org.br\/kongreso\/pt-br\/wp-json\/wp\/v2\/pages\/2567","targetHints":{"allow":["GET"]}}],"collection":[{"href":"https:\/\/esperanto.org.br\/kongreso\/pt-br\/wp-json\/wp\/v2\/pages"}],"about":[{"href":"https:\/\/esperanto.org.br\/kongreso\/pt-br\/wp-json\/wp\/v2\/types\/page"}],"author":[{"embeddable":true,"href":"https:\/\/esperanto.org.br\/kongreso\/pt-br\/wp-json\/wp\/v2\/users\/3"}],"replies":[{"embeddable":true,"href":"https:\/\/esperanto.org.br\/kongreso\/pt-br\/wp-json\/wp\/v2\/comments?post=2567"}],"version-history":[{"count":8,"href":"https:\/\/esperanto.org.br\/kongreso\/pt-br\/wp-json\/wp\/v2\/pages\/2567\/revisions"}],"predecessor-version":[{"id":2657,"href":"https:\/\/esperanto.org.br\/kongreso\/pt-br\/wp-json\/wp\/v2\/pages\/2567\/revisions\/2657"}],"up":[{"embeddable":true,"href":"https:\/\/esperanto.org.br\/kongreso\/pt-br\/wp-json\/wp\/v2\/pages\/2097"}],"wp:attachment":[{"href":"https:\/\/esperanto.org.br\/kongreso\/pt-br\/wp-json\/wp\/v2\/media?parent=2567"}],"curies":[{"name":"wp","href":"https:\/\/api.w.org\/{rel}","templated":true}]}}