{"id":2568,"date":"2025-05-02T15:45:42","date_gmt":"2025-05-02T18:45:42","guid":{"rendered":"https:\/\/esperanto.org.br\/kongreso\/?page_id=2568"},"modified":"2025-05-03T17:39:20","modified_gmt":"2025-05-03T20:39:20","slug":"tago-3","status":"publish","type":"page","link":"https:\/\/esperanto.org.br\/kongreso\/pt-br\/antaukongreso\/tago-3\/","title":{"rendered":"Dia 3: Ouro em Piren\u00f3polis"},"content":{"rendered":"<div class=\"wp-block-cover alignfull has-palette-color-3-color has-text-color has-link-color wp-elements-157b8aabe5b6dfc5910a42ae005504f0\" style=\"min-height:30vh;aspect-ratio:unset;\"><img decoding=\"async\" width=\"800\" height=\"523\" class=\"wp-block-cover__image-background wp-image-2626 size-full\" alt=\"\" src=\"https:\/\/esperanto.org.br\/kongreso\/wp-content\/uploads\/2025\/05\/tago3.2.webp\" style=\"object-position:51% 62%\" data-object-fit=\"cover\" data-object-position=\"51% 62%\" srcset=\"https:\/\/esperanto.org.br\/kongreso\/wp-content\/uploads\/2025\/05\/tago3.2.webp 800w, https:\/\/esperanto.org.br\/kongreso\/wp-content\/uploads\/2025\/05\/tago3.2-300x196.webp 300w, https:\/\/esperanto.org.br\/kongreso\/wp-content\/uploads\/2025\/05\/tago3.2-768x502.webp 768w, https:\/\/esperanto.org.br\/kongreso\/wp-content\/uploads\/2025\/05\/tago3.2-18x12.webp 18w\" sizes=\"(max-width: 800px) 100vw, 800px\" \/><span aria-hidden=\"true\" class=\"wp-block-cover__background has-palette-color-7-background-color has-background-dim-70 has-background-dim\"><\/span><div class=\"wp-block-cover__inner-container is-layout-constrained wp-block-cover-is-layout-constrained\"><h1 class=\"wp-block-post-title\">Dia 3: Ouro em Piren\u00f3polis<\/h1>\n\n<\/div><\/div>\n\n\n\n<p>Entre ruas com cal\u00e7amento de pedra e casar\u00f5es coloniais do s\u00e9culo XVIII, o p\u00f4r do sol anuncia o final de mais um belo dia na cidade hist\u00f3rica de Piren\u00f3polis, em Goi\u00e1s. Diante das portas e janelas coloridas e do lindo visual do Rio das Almas, turistas caminham pelo buc\u00f3lico Centro Hist\u00f3rico e aproveitam o clima do interior. Depois de um dia de deliciosos banhos em cachoeiras, \u00e9 hora de se fartar com os pratos t\u00edpicos e os bons restaurantes da regi\u00e3o. Um pacote completo para quem busca relaxar e deixar para tr\u00e1s o dia a dia acelerado das grandes cidades.<\/p>\n\n\n\n<p>Aproveite cada minuto e entre o mais r\u00e1pido poss\u00edvel no ritmo de Piren\u00f3polis. N\u00e3o vai demorar muito para voc\u00ea se sentir abra\u00e7ado por esse pedacinho encantador do interior do Brasil.<\/p>\n\n\n\n<div class=\"wp-block-columns alignfull has-palette-color-7-color has-palette-color-2-background-color has-text-color has-background has-link-color wp-elements-ddd0ae205846d73a19ae56977578dcbb is-layout-flex wp-container-core-columns-is-layout-87535699 wp-block-columns-is-layout-flex\" style=\"margin-top:0;margin-bottom:0;padding-top:0;padding-right:0;padding-bottom:0;padding-left:0\">\n<div class=\"wp-block-column is-layout-flow wp-block-column-is-layout-flow\" style=\"flex-basis:40%\">\n<div class=\"wp-block-cover wp-elements-4c7911b6ae33a6da23c7721b33b594e5\" style=\"min-height:100%;aspect-ratio:unset;\"><img decoding=\"async\" width=\"400\" height=\"498\" class=\"wp-block-cover__image-background wp-image-2580 size-full\" alt=\"\" src=\"https:\/\/esperanto.org.br\/kongreso\/wp-content\/uploads\/2025\/05\/tago3.1.webp\" style=\"object-position:50% 100%\" data-object-fit=\"cover\" data-object-position=\"50% 100%\" srcset=\"https:\/\/esperanto.org.br\/kongreso\/wp-content\/uploads\/2025\/05\/tago3.1.webp 400w, https:\/\/esperanto.org.br\/kongreso\/wp-content\/uploads\/2025\/05\/tago3.1-241x300.webp 241w, https:\/\/esperanto.org.br\/kongreso\/wp-content\/uploads\/2025\/05\/tago3.1-10x12.webp 10w\" sizes=\"(max-width: 400px) 100vw, 400px\" \/><span aria-hidden=\"true\" class=\"wp-block-cover__background has-palette-color-3-background-color has-background-dim-70 has-background-dim\"><\/span><div class=\"wp-block-cover__inner-container is-layout-constrained wp-block-cover-is-layout-constrained\">\n<h3 class=\"wp-block-heading has-text-align-center\" id=\"tago-3\">Ouro em Piren\u00f3polis<\/h3>\n\n\n\n<p class=\"has-text-align-center\">Dia 3: 18\/11<\/p>\n<\/div><\/div>\n<\/div>\n\n\n\n<div class=\"wp-block-column is-layout-flow wp-block-column-is-layout-flow\" style=\"padding-top:var(--wp--preset--spacing--30);padding-right:var(--wp--preset--spacing--20);padding-bottom:var(--wp--preset--spacing--30);padding-left:var(--wp--preset--spacing--20);flex-basis:35em\">\n<ul class=\"wp-block-list\">\n<li><strong>Caf\u00e9 da manh\u00e3 livre<\/strong><\/li>\n\n\n\n<li><strong>08:00 \u2013 Encontro no ponto-de-encontro<\/strong><br>Guiagem em portugu\u00eas e esperanto<\/li>\n\n\n\n<li><strong>08:30 \u2013 Sa\u00edda do ponto-de-encontro<\/strong><br>Sa\u00edda com destino a Piren\u00f3polis<\/li>\n\n\n\n<li><strong>12:30 \u2013 Almo\u00e7o livre em restaurante local<\/strong><br>Buffet por quilo - TBC<\/li>\n\n\n\n<li><strong>14:00 \u2013 Continua\u00e7\u00e3o do passeio<\/strong><\/li>\n\n\n\n<li><strong>17:00 \u2013 Fim do passeio e tempo livre<\/strong><\/li>\n\n\n\n<li><strong>20:00 \u2013 Jantar livre<\/strong><\/li>\n<\/ul>\n<\/div>\n<\/div>\n\n\n\n<div class=\"wp-block-group alignfull has-palette-color-5-background-color has-background is-content-justification-center is-layout-flex wp-container-core-group-is-layout-b02886af wp-block-group-is-layout-flex\">\n<h4 class=\"wp-block-heading has-text-align-center\">Pre\u00e7o por \"Ouro em Piren\u00f3polis\"<\/h4>\n\n\n\n<p class=\"has-palette-color-2-color has-text-color has-link-color wp-elements-9e1edb79585044bbac10bc681aced30d\" style=\"font-size:clamp(1.25em, 1.25rem + ((1vw - 0.2em) * 0.938), 2em);\"><strong>R$ 375,00<\/strong><\/p>\n\n\n\n<div class=\"wp-block-buttons is-layout-flex wp-block-buttons-is-layout-flex\">\n<div class=\"wp-block-button\"><a class=\"wp-block-button__link wp-element-button\" href=\"https:\/\/esperanto.org.br\/kongreso\/pt-br\/antaukongreso\/aligxilo\/\">Reservar agora!<\/a><\/div>\n<\/div>\n<\/div>\n\n\n\n<div class=\"wp-block-buttons is-content-justification-center is-layout-flex wp-container-core-buttons-is-layout-a89b3969 wp-block-buttons-is-layout-flex\">\n<div class=\"wp-block-button is-style-outline is-style-outline--1\"><a class=\"wp-block-button__link wp-element-button\" href=\"https:\/\/esperanto.org.br\/kongreso\/pt-br\/antaukongreso\/\">Voltar para a p\u00e1gina do pr\u00e9-congresso<\/a><\/div>\n<\/div>","protected":false},"excerpt":{"rendered":"<p>Inter stratoj kun \u015dtona pavimo kaj konoliaj domegoj de la 18-a jarcento, la sunsubiro anoncas la finon de alia bela tago en la historia urbo Pirenopolo, en Gojaso. Anta\u016d la multkoloraj pordoj kaj fenestroj kaj la bela rigardo al la Rivero Das Almas, turistoj promenas tra la bukolika Historia Centro kaj \u011duas la kamparan veteron. [&hellip;]<\/p>","protected":false},"author":3,"featured_media":0,"parent":2097,"menu_order":0,"comment_status":"closed","ping_status":"closed","template":"","meta":{"iawp_total_views":126,"footnotes":""},"class_list":["post-2568","page","type-page","status-publish","hentry"],"blocksy_meta":{"has_hero_section":"disabled","vertical_spacing_source":"custom","content_area_spacing":"bottom","styles_descriptor":{"styles":{"desktop":"","tablet":"","mobile":""},"google_fonts":[],"version":6}},"_links":{"self":[{"href":"https:\/\/esperanto.org.br\/kongreso\/pt-br\/wp-json\/wp\/v2\/pages\/2568","targetHints":{"allow":["GET"]}}],"collection":[{"href":"https:\/\/esperanto.org.br\/kongreso\/pt-br\/wp-json\/wp\/v2\/pages"}],"about":[{"href":"https:\/\/esperanto.org.br\/kongreso\/pt-br\/wp-json\/wp\/v2\/types\/page"}],"author":[{"embeddable":true,"href":"https:\/\/esperanto.org.br\/kongreso\/pt-br\/wp-json\/wp\/v2\/users\/3"}],"replies":[{"embeddable":true,"href":"https:\/\/esperanto.org.br\/kongreso\/pt-br\/wp-json\/wp\/v2\/comments?post=2568"}],"version-history":[{"count":7,"href":"https:\/\/esperanto.org.br\/kongreso\/pt-br\/wp-json\/wp\/v2\/pages\/2568\/revisions"}],"predecessor-version":[{"id":2656,"href":"https:\/\/esperanto.org.br\/kongreso\/pt-br\/wp-json\/wp\/v2\/pages\/2568\/revisions\/2656"}],"up":[{"embeddable":true,"href":"https:\/\/esperanto.org.br\/kongreso\/pt-br\/wp-json\/wp\/v2\/pages\/2097"}],"wp:attachment":[{"href":"https:\/\/esperanto.org.br\/kongreso\/pt-br\/wp-json\/wp\/v2\/media?parent=2568"}],"curies":[{"name":"wp","href":"https:\/\/api.w.org\/{rel}","templated":true}]}}