{"id":672,"date":"2022-02-16T23:02:40","date_gmt":"2022-02-17T02:02:40","guid":{"rendered":"https:\/\/esperanto.org.br\/kongreso\/?page_id=672"},"modified":"2025-11-19T15:18:42","modified_gmt":"2025-11-19T18:18:42","slug":"take","status":"publish","type":"page","link":"https:\/\/esperanto.org.br\/kongreso\/pt-br\/","title":{"rendered":"In\u00edcio"},"content":{"rendered":"<div class=\"wp-block-getwid-section alignfull alignfull getwid-margin-top-none getwid-margin-bottom-none\"><div class=\"wp-block-getwid-section__wrapper getwid-margin-left-none getwid-margin-right-none\" style=\"min-height:75vh\"><div class=\"wp-block-getwid-section__inner-wrapper\"><div class=\"wp-block-getwid-section__background-holder\"><div class=\"wp-block-getwid-section__background has-background has-palette-color-1-background-color\"><\/div><div class=\"wp-block-getwid-section__foreground\"><\/div><\/div><div class=\"wp-block-getwid-section__content\"><div class=\"wp-block-getwid-section__inner-content\">\n<div class=\"wp-block-columns are-vertically-aligned-center is-layout-flex wp-container-core-columns-is-layout-28f84493 wp-block-columns-is-layout-flex\">\n<div class=\"wp-block-column is-vertically-aligned-center is-layout-flow wp-block-column-is-layout-flow\">\n<h1 class=\"wp-block-heading has-text-align-center\" style=\"margin-top:var(--wp--preset--spacing--20);margin-bottom:var(--wp--preset--spacing--20);font-size:clamp(1.648em, 1.648rem + ((1vw - 0.2em) * 1.44), 2.8em);\">59\u00ba Congresso Brasileiro de Esperanto<\/h1>\n\n\n\n<h2 class=\"wp-block-heading has-text-align-center\" style=\"margin-top:var(--wp--preset--spacing--20);margin-bottom:var(--wp--preset--spacing--20);font-size:clamp(1.453em, 1.453rem + ((1vw - 0.2em) * 1.184), 2.4em);\">43\u00ba Congresso da Juventude Esperantista Brasileira<\/h2>\n<\/div>\n\n\n\n<div class=\"wp-block-column is-vertically-aligned-center is-layout-flow wp-block-column-is-layout-flow\">\n<p>Em 2025, o maior evento esperantista do Brasil vai acontecer Bras\u00edlia, a capital brasileira, de 20 a 23 de novembro. Sob o tema <strong>Esperanto por uma cultura de paz entre os povos<\/strong>, nos reuniremos para discutir, aprender e nos divertir. Participe e desfrute do nosso ambiente esperantista.<\/p>\n\n\n\n<div class=\"wp-block-buttons is-content-justification-center is-layout-flex wp-container-core-buttons-is-layout-007a9c89 wp-block-buttons-is-layout-flex\">\n<div class=\"wp-block-button has-custom-width wp-block-button__width-100 aligncenter is-style-fill\"><a class=\"wp-block-button__link has-medium-font-size has-custom-font-size wp-element-button\" href=\"https:\/\/esperanto.org.br\/kongreso\/pt-br\/aligxo\/\"><strong>Quero me inscrever agora!<\/strong><\/a><\/div>\n\n\n\n<div class=\"wp-block-button has-custom-width wp-block-button__width-100 is-style-outline is-style-outline--1\"><a class=\"wp-block-button__link has-palette-color-3-color has-text-color has-link-color wp-element-button\" href=\"https:\/\/esperanto.org.br\/kongreso\/pt-br\/kongresanoj\/\">Lista de Congressistas<\/a><\/div>\n<\/div>\n<\/div>\n<\/div>\n<\/div><\/div><\/div><\/div><\/div>\n\n\n\n<div id=\"novajxoj\" class=\"wp-block-getwid-section alignfull alignfull getwid-margin-top-none getwid-margin-bottom-none\"><div class=\"wp-block-getwid-section__wrapper getwid-margin-left-none getwid-margin-right-none\"><div class=\"wp-block-getwid-section__divider is-top-divider\"><svg style=\"height:20px\" x=\"0px\" y=\"0px\" viewbox=\"0 0 1000 100\" preserveaspectratio=\"none\" class=\"wp-block-getwid-section__divider-svg\"><path fill=\"var(--theme-palette-color-1, #FFD000)\" class=\"wp-block-getwid-section__divider-svg-fill\" d=\"M710,98.9L0,1.1V0h1000v1.1L710,98.9z\"><\/path><\/svg><\/div><div class=\"wp-block-getwid-section__inner-wrapper\"><div class=\"wp-block-getwid-section__background-holder\"><div class=\"wp-block-getwid-section__background has-background has-palette-color-2-background-color\"><\/div><div class=\"wp-block-getwid-section__foreground\"><\/div><\/div><div class=\"wp-block-getwid-section__content\"><div class=\"wp-block-getwid-section__inner-content\">\n<h2 class=\"wp-block-heading has-palette-color-7-color has-text-color has-link-color wp-elements-27546b9397f9bd7a591b8e2e19881417\">\u00daltimas not\u00edcias<\/h2>\n\n\n\n<div class=\"wp-block-group is-layout-grid wp-container-core-group-is-layout-211d2e0c wp-block-group-is-layout-grid\">\n<div class=\"wp-block-group has-palette-color-7-background-color has-background wp-container-content-b4979e5b is-vertical is-layout-flex wp-container-core-group-is-layout-fe9cc265 wp-block-group-is-layout-flex\" style=\"border-radius:25px;box-shadow:var(--wp--preset--shadow--natural)\">\n<h3 class=\"wp-block-heading\">Conhe\u00e7a a programa\u00e7\u00e3o<\/h3>\n\n\n\n<p>Confira as atividades que ocorrer\u00e3o durante o evento. Baixe agora a tabela de programa\u00e7\u00e3o e n\u00e3o perca suas atividades favoritas.<\/p>\n\n\n\n<div class=\"wp-block-buttons is-layout-flex wp-block-buttons-is-layout-flex\">\n<div class=\"wp-block-button\"><a class=\"wp-block-button__link wp-element-button\" href=\"https:\/\/esperanto.org.br\/kongreso\/pt-br\/programo\/\">Ler mais<\/a><\/div>\n<\/div>\n<\/div>\n<\/div>\n<\/div><\/div><\/div><\/div><\/div>\n\n\n\n<div id=\"organizado\" class=\"wp-block-getwid-section alignfull alignfull getwid-margin-top-none getwid-margin-bottom-none\"><div class=\"wp-block-getwid-section__wrapper getwid-margin-left-none getwid-margin-right-none\" style=\"padding-top:10vw\"><div class=\"wp-block-getwid-section__divider is-top-divider\"><svg x=\"0px\" y=\"0px\" viewbox=\"0 0 280 30\" preserveaspectratio=\"xMidYMax slice\" class=\"wp-block-getwid-section__divider-svg\"><path fill=\"var(--theme-palette-color-2, #1a7178)\" class=\"wp-block-getwid-section__divider-svg-fill\" d=\"M10.7,17.8c5.8,0,11,2.6,14.4,6.8c1.2-0.6,2.6-0.9,4-0.9c0.4,0,0.8,0,1.2,0.1c1.3-2.2,3.6-3.7,6.3-3.7c1.3,0,2.5,0.3,3.6,0.9c-0.1-0.3-0.1-0.7-0.1-1.1c0-2.7,2.2-4.9,4.9-4.9c1.9,0,3.4,1,4.3,2.6c0.1,0,0.2,0,0.2,0c5.2,0,9.5,4.2,9.5,9.5c0.2,0,0.3,0,0.5,0c0.9,0,1.8,0.1,2.6,0.2c1.9-4.5,6.3-7.7,11.5-7.7c2.5,0,4.8,0.7,6.8,2c1.1-3.8,4.6-6.6,8.8-6.6c0.5,0,1.1,0.1,1.6,0.1c0.3-2.9,2.7-5.1,5.6-5.1c0.9,0,1.7,0.2,2.5,0.6c0.8-1.5,2.4-2.6,4.3-2.6c2.7,0,4.9,2.2,4.9,4.9c0,0.9-0.3,1.7-0.7,2.4c1.3,0.7,2.4,1.7,3.2,2.8c1-1.1,2.3-1.7,3.9-1.7c1.8,0,3.3,0.9,4.3,2.2c0.5-0.1,1-0.2,1.6-0.2c3,0,5.6,1.8,6.7,4.4c3-2.4,6.9-3.8,11-3.8c0.1,0,0.1,0,0.2,0c0.1-3.8,3.2-6.8,7-6.8c0.9,0,1.8,0.2,2.6,0.5c3.6-2.7,8.1-4.3,13-4.3c7.5,0,14.2,3.8,18.1,9.6c0.3,0,0.6-0.1,1-0.1c4.6,0,8.4,3.5,8.8,8c1.6-0.6,3.3-1,5.2-1c4,0,7.6,1.7,10.2,4.4c1.8-2.6,4.8-4.4,8.2-4.4c0.2,0,0.3,0,0.5,0c-0.1-0.5-0.2-1-0.2-1.5c0-3.6,2.9-6.5,6.5-6.5c2.6,0,4.8,1.5,5.8,3.7c2-1.1,4.3-1.7,6.8-1.7c0.2,0,0.4,0,0.7,0c0.3-7.1,6.1-12.8,13.3-12.8c1.9,0,3.8,0.4,5.4,1.2c1.5-1.8,3.8-2.9,6.3-2.9c4.6,0,8.4,3.8,8.4,8.4c0,0.3,0,0.5,0,0.7c2.9,0.1,5.5,1,7.7,2.6c0.6-2,2.4-3.5,4.7-3.5c0.7,0,1.3,0.1,1.9,0.4V0H0v21.1C3,19,6.7,17.8,10.7,17.8z\"><\/path><\/svg><\/div><div class=\"wp-block-getwid-section__inner-wrapper\"><div class=\"wp-block-getwid-section__background-holder\"><div class=\"wp-block-getwid-section__background\"><\/div><div class=\"wp-block-getwid-section__foreground\"><\/div><\/div><div class=\"wp-block-getwid-section__content\"><div class=\"wp-block-getwid-section__inner-content\">\n<h2 class=\"wp-block-heading\" id=\"organizacao\">Organiza\u00e7\u00e3o<\/h2>\n\n\n\n<div class=\"wp-block-group is-content-justification-center is-layout-flex wp-container-core-group-is-layout-7b41f3e4 wp-block-group-is-layout-flex\">\n<div class=\"wp-block-group wp-container-content-87bc3bf6 is-vertical is-content-justification-center is-layout-flex wp-container-core-group-is-layout-b6c1f246 wp-block-group-is-layout-flex\">\n<figure class=\"wp-block-image aligncenter size-large is-resized\"><a href=\"https:\/\/esperanto.org.br\/kongreso\/pt-br\/\" target=\"_blank\" rel=\" noreferrer noopener\"><img decoding=\"async\" width=\"1024\" height=\"951\" src=\"https:\/\/esperanto.org.br\/kongreso\/wp-content\/uploads\/2021\/06\/cropped-bel_logo_600-1-1024x951.png\" alt=\"\" class=\"wp-image-277\" srcset=\"https:\/\/esperanto.org.br\/kongreso\/wp-content\/uploads\/2021\/06\/cropped-bel_logo_600-1-1024x951.png 1024w, https:\/\/esperanto.org.br\/kongreso\/wp-content\/uploads\/2021\/06\/cropped-bel_logo_600-1-300x278.png 300w, https:\/\/esperanto.org.br\/kongreso\/wp-content\/uploads\/2021\/06\/cropped-bel_logo_600-1-768x713.png 768w, https:\/\/esperanto.org.br\/kongreso\/wp-content\/uploads\/2021\/06\/cropped-bel_logo_600-1-1536x1426.png 1536w, https:\/\/esperanto.org.br\/kongreso\/wp-content\/uploads\/2021\/06\/cropped-bel_logo_600-1.png 1827w\" sizes=\"(max-width: 1024px) 100vw, 1024px\" \/><\/a><\/figure>\n\n\n\n<p class=\"has-text-align-center\" style=\"font-size:0.75em\"> Liga Brasileira de Esperanto<\/p>\n<\/div>\n\n\n\n<div class=\"wp-block-group wp-container-content-87bc3bf6 is-vertical is-content-justification-center is-layout-flex wp-container-core-group-is-layout-b6c1f246 wp-block-group-is-layout-flex\">\n<figure class=\"wp-block-image aligncenter size-full is-resized\"><a href=\"https:\/\/bejo.esperanto.org.br\/\" target=\"_blank\" rel=\" noreferrer noopener\"><img decoding=\"async\" width=\"512\" height=\"512\" src=\"https:\/\/esperanto.org.br\/kongreso\/wp-content\/uploads\/2022\/02\/BEJO-logo-quadrada-512.png\" alt=\"\" class=\"wp-image-713\" srcset=\"https:\/\/esperanto.org.br\/kongreso\/wp-content\/uploads\/2022\/02\/BEJO-logo-quadrada-512.png 512w, https:\/\/esperanto.org.br\/kongreso\/wp-content\/uploads\/2022\/02\/BEJO-logo-quadrada-512-300x300.png 300w, https:\/\/esperanto.org.br\/kongreso\/wp-content\/uploads\/2022\/02\/BEJO-logo-quadrada-512-150x150.png 150w\" sizes=\"(max-width: 512px) 100vw, 512px\" \/><\/a><\/figure>\n\n\n\n<p class=\"has-text-align-center\" style=\"font-size:0.75em\"> Organiza\u00e7\u00e3o da Juventude Esperantista Brasileira<\/p>\n<\/div>\n\n\n\n<div class=\"wp-block-group wp-container-content-87bc3bf6 is-vertical is-content-justification-center is-layout-flex wp-container-core-group-is-layout-b6c1f246 wp-block-group-is-layout-flex\">\n<figure class=\"wp-block-image aligncenter size-full is-resized\"><a href=\"https:\/\/esperanto.bsb.br\/\" target=\"_blank\" rel=\" noreferrer noopener\"><img decoding=\"async\" width=\"576\" height=\"500\" src=\"https:\/\/esperanto.org.br\/kongreso\/wp-content\/uploads\/2025\/03\/logoABE.webp\" alt=\"\" class=\"wp-image-2487\" srcset=\"https:\/\/esperanto.org.br\/kongreso\/wp-content\/uploads\/2025\/03\/logoABE.webp 576w, https:\/\/esperanto.org.br\/kongreso\/wp-content\/uploads\/2025\/03\/logoABE-300x260.webp 300w, https:\/\/esperanto.org.br\/kongreso\/wp-content\/uploads\/2025\/03\/logoABE-14x12.webp 14w\" sizes=\"(max-width: 576px) 100vw, 576px\" \/><\/a><\/figure>\n\n\n\n<p class=\"has-text-align-center\" style=\"font-size:0.75em\">Associa\u00e7\u00e3o Brasiliense de Esperanto<\/p>\n<\/div>\n\n\n\n<div class=\"wp-block-group wp-container-content-87bc3bf6 is-vertical is-content-justification-center is-layout-flex wp-container-core-group-is-layout-b6c1f246 wp-block-group-is-layout-flex\">\n<figure class=\"wp-block-image aligncenter size-full is-resized\"><img decoding=\"async\" width=\"427\" height=\"512\" src=\"https:\/\/esperanto.org.br\/kongreso\/wp-content\/uploads\/2025\/10\/logoUP.webp\" alt=\"\" class=\"wp-image-2749\" srcset=\"https:\/\/esperanto.org.br\/kongreso\/wp-content\/uploads\/2025\/10\/logoUP.webp 427w, https:\/\/esperanto.org.br\/kongreso\/wp-content\/uploads\/2025\/10\/logoUP-250x300.webp 250w, https:\/\/esperanto.org.br\/kongreso\/wp-content\/uploads\/2025\/10\/logoUP-10x12.webp 10w\" sizes=\"(max-width: 427px) 100vw, 427px\" \/><\/figure>\n\n\n\n<p class=\"has-text-align-center\" style=\"font-size:0.75em\">Uni\u00e3o Planet\u00e1ria<\/p>\n<\/div>\n<\/div>\n<\/div><\/div><\/div><\/div><\/div>","protected":false},"excerpt":{"rendered":"","protected":false},"author":3,"featured_media":0,"parent":0,"menu_order":0,"comment_status":"closed","ping_status":"closed","template":"","meta":{"iawp_total_views":8411,"footnotes":""},"class_list":["post-672","page","type-page","status-publish","hentry"],"blocksy_meta":{"styles_descriptor":{"styles":{"desktop":"","tablet":"","mobile":""},"google_fonts":[],"version":6},"page_title_panel":"","has_hero_section":"disabled","1d26fcbba2f745443c44921bfdb25598":"","hero_section":"type-1","hero_elements":[{"id":"custom_title","enabled":true,"heading_tag":"h1","title":"P\u00e1gina inicial"},{"id":"custom_description","enabled":true,"description_visibility":{"desktop":true,"tablet":true,"mobile":false}},{"id":"custom_meta","enabled":false,"meta_elements":[{"id":"author","enabled":true,"label":"Por","has_author_avatar":"yes","avatar_size":25},{"id":"post_date","enabled":true,"label":"Em","date_format_source":"default","date_format":"M j, Y"},{"id":"updated_date","enabled":false,"label":"Em","date_format_source":"default","date_format":"M j, Y"},{"id":"categories","enabled":false,"label":"Em","style":"simple"},{"id":"comments","enabled":true}],"page_meta_elements":{"joined":true,"articles_count":true,"comments":true}},{"id":"breadcrumbs","enabled":false}],"0556170bb299a3be8a083f60b69fda4f":"","hero_alignment1":"CT_CSS_SKIP_RULE","hero_margin":40,"hero_alignment2":"center","hero_vertical_alignment":"center","00169213a201157dea65df47f6cfbd1b":"","hero_structure":"narrow","22039c38a1b65efb154962fb7ecccef2":"","page_title_bg_type":"featured_image","custom_hero_background":{"attachment_id":null},"page_title_image_size":"full","parallax":{"desktop":false,"tablet":false,"mobile":false},"79808b75a995258c04016df9ca78093c":"","hero_height":"250px","pageTitleFont":{"family":"Default","variation":"Default","size":"30px","line-height":"CT_CSS_SKIP_RULE","letter-spacing":"CT_CSS_SKIP_RULE","text-transform":"CT_CSS_SKIP_RULE","text-decoration":"CT_CSS_SKIP_RULE"},"pageTitleFontColor":{"default":{"color":"CT_CSS_SKIP_RULEDEFAULT"}},"pageMetaFont":{"family":"Default","variation":"n6","size":"12px","line-height":"1.3","letter-spacing":"CT_CSS_SKIP_RULE","text-transform":"uppercase","text-decoration":"CT_CSS_SKIP_RULE"},"pageMetaFontColor":{"default":{"color":"CT_CSS_SKIP_RULEDEFAULT"},"hover":{"color":"CT_CSS_SKIP_RULEDEFAULT"}},"page_meta_button_type_font_colors":{"default":{"color":"CT_CSS_SKIP_RULEDEFAULT"},"hover":{"color":"CT_CSS_SKIP_RULEDEFAULT"}},"page_meta_button_type_background_colors":{"default":{"color":"CT_CSS_SKIP_RULEDEFAULT"},"hover":{"color":"CT_CSS_SKIP_RULEDEFAULT"}},"pageExcerptFont":{"family":"Default","variation":"Default","size":"CT_CSS_SKIP_RULE","line-height":"CT_CSS_SKIP_RULE","letter-spacing":"CT_CSS_SKIP_RULE","text-transform":"CT_CSS_SKIP_RULE","text-decoration":"CT_CSS_SKIP_RULE"},"pageExcerptColor":{"default":{"color":"CT_CSS_SKIP_RULEDEFAULT"}},"breadcrumbsFont":{"family":"Default","variation":"Default","size":"CT_CSS_SKIP_RULE","line-height":"CT_CSS_SKIP_RULE","letter-spacing":"CT_CSS_SKIP_RULE","text-transform":"CT_CSS_SKIP_RULE","text-decoration":"CT_CSS_SKIP_RULE"},"breadcrumbsFontColor":{"default":{"color":"CT_CSS_SKIP_RULEDEFAULT"},"initial":{"color":"CT_CSS_SKIP_RULEDEFAULT"},"hover":{"color":"CT_CSS_SKIP_RULEDEFAULT"}},"pageTitleOverlay":{"background_type":"color","background_pattern":"type-1","background_image":{"attachment_id":null,"x":0,"y":0},"gradient":"linear-gradient(135deg,rgba(6,147,227,1) 0%,rgb(155,81,224) 100%)","background_repeat":"repeat","background_size":"auto","background_attachment":"scroll","patternColor":{"default":{"color":"#e5e7ea"}},"overlayColor":{"default":{"color":"CT_CSS_SKIP_RULE"}},"backgroundColor":{"default":{"color":"CT_CSS_SKIP_RULE"}}},"pageTitleBackground":{"background_type":"color","background_pattern":"type-1","background_image":{"attachment_id":null,"x":0,"y":0},"gradient":"linear-gradient(135deg,rgba(6,147,227,1) 0%,rgb(155,81,224) 100%)","background_repeat":"repeat","background_size":"auto","background_attachment":"scroll","patternColor":{"default":{"color":"#e5e7ea"}},"overlayColor":{"default":{"color":"CT_CSS_SKIP_RULE"}},"backgroundColor":{"default":{"color":"var(--theme-palette-color-6)"}}},"pageTitlePadding":{"top":"50px","bottom":"50px","left":"auto","right":"auto","linked":true},"5e4cbb01dae6bf0a6f1cdd8579eb672e":"","page_structure_type":"default","839a5ea90a93ec12d25629c9814862bd":"","content_style_source":"inherit","content_style":"wide","vertical_spacing_source":"custom","content_area_spacing":"none","background":{"background_type":"color","background_pattern":"type-1","background_image":{"attachment_id":null,"x":0,"y":0},"gradient":"linear-gradient(135deg,rgba(6,147,227,1) 0%,rgb(155,81,224) 100%)","background_repeat":"repeat","background_size":"auto","background_attachment":"scroll","patternColor":{"default":{"color":"#e5e7ea"}},"overlayColor":{"default":{"color":"CT_CSS_SKIP_RULE"}},"backgroundColor":{"default":{"color":"CT_CSS_SKIP_RULE"}}},"content_background":{"background_type":"color","background_pattern":"type-1","background_image":{"attachment_id":null,"x":0,"y":0},"gradient":"linear-gradient(135deg,rgba(6,147,227,1) 0%,rgb(155,81,224) 100%)","background_repeat":"repeat","background_size":"auto","background_attachment":"scroll","patternColor":{"default":{"color":"#e5e7ea"}},"overlayColor":{"default":{"color":"CT_CSS_SKIP_RULE"}},"backgroundColor":{"default":{"color":"var(--theme-palette-color-8)"}}},"content_boxed_shadow":{"inherit":false,"blur":18,"spread":-6,"v_offset":12,"h_offset":0,"inset":false,"enable":true,"color":{"color":"rgba(34, 56, 101, 0.04)"}},"content_boxed_border":{"width":1,"style":"none","color":{"color":"rgba(44,62,80,0.2)"}},"content_boxed_radius":{"top":"3px","bottom":"3px","left":"3px","right":"3px","linked":true},"boxed_content_spacing":{"desktop":{"top":"40px","bottom":"40px","left":"40px","right":"40px","linked":true},"tablet":{"top":"35px","bottom":"35px","left":"35px","right":"35px","linked":true},"mobile":{"top":"20px","bottom":"20px","left":"20px","right":"20px","linked":true}},"57f484513dfa406826c1e441c7711334":"","disable_featured_image":"no","disable_share_box":"no","disable_header":"no","disable_footer":"no","6c1aa6ad257285a4af68b57e9b809c26":"","b6b0fb8dcc1177ce293f718d692b9273":"","eb85b0e7e3eea04983b4c53477244505":"","249cc244f6203f42e98ad4174d8618ce":"","41acac62b7ebc68162b5a57ef138df7b":"","7a642391cf1386f7125149b1c1c597a6":"","5ad452c81fe2f98363f5b4465245df00":"","834489c20b5df3220dabab157792030f":""},"_links":{"self":[{"href":"https:\/\/esperanto.org.br\/kongreso\/pt-br\/wp-json\/wp\/v2\/pages\/672","targetHints":{"allow":["GET"]}}],"collection":[{"href":"https:\/\/esperanto.org.br\/kongreso\/pt-br\/wp-json\/wp\/v2\/pages"}],"about":[{"href":"https:\/\/esperanto.org.br\/kongreso\/pt-br\/wp-json\/wp\/v2\/types\/page"}],"author":[{"embeddable":true,"href":"https:\/\/esperanto.org.br\/kongreso\/pt-br\/wp-json\/wp\/v2\/users\/3"}],"replies":[{"embeddable":true,"href":"https:\/\/esperanto.org.br\/kongreso\/pt-br\/wp-json\/wp\/v2\/comments?post=672"}],"version-history":[{"count":306,"href":"https:\/\/esperanto.org.br\/kongreso\/pt-br\/wp-json\/wp\/v2\/pages\/672\/revisions"}],"predecessor-version":[{"id":2777,"href":"https:\/\/esperanto.org.br\/kongreso\/pt-br\/wp-json\/wp\/v2\/pages\/672\/revisions\/2777"}],"wp:attachment":[{"href":"https:\/\/esperanto.org.br\/kongreso\/pt-br\/wp-json\/wp\/v2\/media?parent=672"}],"curies":[{"name":"wp","href":"https:\/\/api.w.org\/{rel}","templated":true}]}}