{"id":1399,"date":"2023-03-28T19:41:12","date_gmt":"2023-03-28T22:41:12","guid":{"rendered":"https:\/\/esperanto.org.br\/kongreso\/?page_id=1399"},"modified":"2025-04-27T14:50:30","modified_gmt":"2025-04-27T17:50:30","slug":"eksterlandanoj","status":"publish","type":"page","link":"https:\/\/esperanto.org.br\/kongreso\/aligxo\/eksterlandanoj\/","title":{"rendered":"Ali\u011do por eksterlandanoj"},"content":{"rendered":"\n<p>Per la suba formularo, vi povas ali\u011di al BKE\/BEJK sen la neceso de brazilaj dokumentoj kaj adreso. La monsumoj en la formularo estas en realoj (R$, BRL). La kampoj markitaj kun <mark style=\"background-color:rgba(0, 0, 0, 0)\" class=\"has-inline-color has-palette-color-6-color\">*<\/mark> estas devigaj.<\/p>\n\n\n\n<div class=\"wp-block-columns is-layout-flex wp-container-core-columns-is-layout-28f84493 wp-block-columns-is-layout-flex\">\n<div class=\"wp-block-column has-palette-color-6-background-color has-background is-layout-flow wp-block-column-is-layout-flow\" style=\"flex-basis:10px\"><\/div>\n\n\n\n<div class=\"wp-block-column is-layout-flow wp-block-column-is-layout-flow\">\n<h6 class=\"wp-block-heading\">Grava informo<\/h6>\n\n\n\n<p>Se vi havas brazilajn dokumentojn kaj adreson, bonvolu fari vian ali\u011don en <a href=\"https:\/\/loja.esperanto.org.br\/produto\/59a-bke\/\" data-type=\"link\" data-id=\"https:\/\/loja.esperanto.org.br\/produto\/59a-bke\/\" target=\"_blank\" rel=\"noreferrer noopener\">BEL@Butiko<\/a>. Per \u011di vi povas uzi anka\u016d aliajn pagmanierojn, kiel boleton kaj PIX-n.<\/p>\n\n\n\n<ul class=\"wp-block-list\"><\/ul>\n<\/div>\n<\/div>\n\n\n\n<div class=\"wp-block-columns is-layout-flex wp-container-core-columns-is-layout-28f84493 wp-block-columns-is-layout-flex\">\n<div class=\"wp-block-column has-palette-color-6-background-color has-background is-layout-flow wp-block-column-is-layout-flow\" style=\"flex-basis:10px\"><\/div>\n\n\n\n<div class=\"wp-block-column is-layout-flow wp-block-column-is-layout-flow\">\n<h6 class=\"wp-block-heading\">\u0108u vi havas problemon?<\/h6>\n\n\n\n<p>Se vi havas malfacila\u0135ojn por pagi a\u016d okazas eraron kiam vi provas pagi, ne hezitu kontakti nin per la retpo\u015dtadreso <a href=\"mailto:bel@esperanto.org.br\">bel@esperanto.org.br<\/a>.<\/p>\n\n\n\n<ul class=\"wp-block-list\"><\/ul>\n<\/div>\n<\/div>\n\n\n\n<div class=\"forminator-guttenberg\">\t\t\t<div class=\"forminator-custom-form\">\n\t\t\t\t\t\t\t\t\t<label class=\"forminator-label--info\"><span>Beda\u016drinde, la kongreso jam fini\u011dis. Sed restu atenta \u011dis la sekva eldono!<\/span><\/label>\n\t\t\t\t\t\t\t<\/div>\n\t\t\t<\/div>\n","protected":false},"excerpt":{"rendered":"<p>Per la suba formularo, vi povas ali\u011di al BKE\/BEJK sen la neceso de brazilaj dokumentoj kaj adreso. La monsumoj en la formularo estas en realoj (R$, BRL). La kampoj markitaj kun * estas devigaj. Grava informo Se vi havas brazilajn dokumentojn kaj adreson, bonvolu fari vian ali\u011don en BEL@Butiko. Per \u011di vi povas uzi anka\u016d [&hellip;]<\/p>\n","protected":false},"author":3,"featured_media":0,"parent":1397,"menu_order":0,"comment_status":"closed","ping_status":"closed","template":"","meta":{"iawp_total_views":125,"footnotes":""},"class_list":["post-1399","page","type-page","status-publish","hentry"],"blocksy_meta":[],"_links":{"self":[{"href":"https:\/\/esperanto.org.br\/kongreso\/wp-json\/wp\/v2\/pages\/1399","targetHints":{"allow":["GET"]}}],"collection":[{"href":"https:\/\/esperanto.org.br\/kongreso\/wp-json\/wp\/v2\/pages"}],"about":[{"href":"https:\/\/esperanto.org.br\/kongreso\/wp-json\/wp\/v2\/types\/page"}],"author":[{"embeddable":true,"href":"https:\/\/esperanto.org.br\/kongreso\/wp-json\/wp\/v2\/users\/3"}],"replies":[{"embeddable":true,"href":"https:\/\/esperanto.org.br\/kongreso\/wp-json\/wp\/v2\/comments?post=1399"}],"version-history":[{"count":20,"href":"https:\/\/esperanto.org.br\/kongreso\/wp-json\/wp\/v2\/pages\/1399\/revisions"}],"predecessor-version":[{"id":2535,"href":"https:\/\/esperanto.org.br\/kongreso\/wp-json\/wp\/v2\/pages\/1399\/revisions\/2535"}],"up":[{"embeddable":true,"href":"https:\/\/esperanto.org.br\/kongreso\/wp-json\/wp\/v2\/pages\/1397"}],"wp:attachment":[{"href":"https:\/\/esperanto.org.br\/kongreso\/wp-json\/wp\/v2\/media?parent=1399"}],"curies":[{"name":"wp","href":"https:\/\/api.w.org\/{rel}","templated":true}]}}