{"id":2354,"date":"2024-09-20T20:53:49","date_gmt":"2024-09-20T23:53:49","guid":{"rendered":"https:\/\/esperanto.org.br\/kongreso\/?page_id=2354"},"modified":"2025-07-31T15:39:19","modified_gmt":"2025-07-31T18:39:19","slug":"aligxilo","status":"publish","type":"page","link":"https:\/\/esperanto.org.br\/kongreso\/antaukongreso\/aligxilo\/","title":{"rendered":"Anta\u016dkongreso &#8211; ali\u011dilo"},"content":{"rendered":"\n<p>\u0108i tie vi povas ali\u011di al la ekskursoj de nia anta\u016dkongreso. <a href=\"https:\/\/esperanto.org.br\/kongreso\/antaukongreso\/\" data-type=\"page\" data-id=\"2097\">Vizitu \u0109i tiun pa\u011don<\/a> por legi informojn pri \u011di.<\/p>\n\n\n\n<p>Plenigu la suban formularon kaj pagu per karto por ali\u011di.<\/p>\n\n\n\n<div class=\"wp-block-columns is-layout-flex wp-container-core-columns-is-layout-28f84493 wp-block-columns-is-layout-flex\">\n<div class=\"wp-block-column has-palette-color-6-background-color has-background is-layout-flow wp-block-column-is-layout-flow\" style=\"flex-basis:10px\"><\/div>\n\n\n\n<div class=\"wp-block-column is-layout-flow wp-block-column-is-layout-flow\">\n<p><strong>Grava informo<\/strong><\/p>\n\n\n\n<p>La formularo en \u0109i tiu pa\u011do ebligas pagojn nur per karto kaj en nur unu fojo. Se vi volas pagi per PIX a\u016d boleto, a\u016d se vi volas dividi en pluraj parceloj, faru vian ali\u011don en BEL@Butiko, nia oficiala vendejo. Vi anka\u016d povas profiti la viziton por ali\u011di al BEL kaj al la kongreso, a\u0109eti librojn, ktp.<\/p>\n\n\n\n<div class=\"wp-block-buttons is-layout-flex wp-block-buttons-is-layout-flex\">\n<div class=\"wp-block-button\"><a class=\"wp-block-button__link wp-element-button\" href=\"https:\/\/loja.esperanto.org.br\/produto\/precongresso2025\/\" target=\"_blank\" rel=\"noreferrer noopener\">Portu min al BEL@Butiko<\/a><\/div>\n<\/div>\n<\/div>\n<\/div>\n\n\n\n<div class=\"forminator-guttenberg\">\t\t\t<div class=\"forminator-custom-form\">\n\t\t\t\t\t\t\t\t\t<label class=\"forminator-label--info\"><span>Beda\u016drinde, la anta\u016dkongreso jam fini\u011dis.<\/span><\/label>\n\t\t\t\t\t\t\t<\/div>\n\t\t\t<\/div>\n","protected":false},"excerpt":{"rendered":"<p>\u0108i tie vi povas ali\u011di al la ekskursoj de nia anta\u016dkongreso. Vizitu \u0109i tiun pa\u011don por legi informojn pri \u011di. Plenigu la suban formularon kaj pagu per karto por ali\u011di. Grava informo La formularo en \u0109i tiu pa\u011do ebligas pagojn nur per karto kaj en nur unu fojo. Se vi volas pagi per PIX a\u016d [&hellip;]<\/p>\n","protected":false},"author":3,"featured_media":0,"parent":2097,"menu_order":0,"comment_status":"closed","ping_status":"closed","template":"","meta":{"iawp_total_views":153,"footnotes":""},"class_list":["post-2354","page","type-page","status-publish","hentry"],"blocksy_meta":[],"_links":{"self":[{"href":"https:\/\/esperanto.org.br\/kongreso\/wp-json\/wp\/v2\/pages\/2354","targetHints":{"allow":["GET"]}}],"collection":[{"href":"https:\/\/esperanto.org.br\/kongreso\/wp-json\/wp\/v2\/pages"}],"about":[{"href":"https:\/\/esperanto.org.br\/kongreso\/wp-json\/wp\/v2\/types\/page"}],"author":[{"embeddable":true,"href":"https:\/\/esperanto.org.br\/kongreso\/wp-json\/wp\/v2\/users\/3"}],"replies":[{"embeddable":true,"href":"https:\/\/esperanto.org.br\/kongreso\/wp-json\/wp\/v2\/comments?post=2354"}],"version-history":[{"count":10,"href":"https:\/\/esperanto.org.br\/kongreso\/wp-json\/wp\/v2\/pages\/2354\/revisions"}],"predecessor-version":[{"id":2706,"href":"https:\/\/esperanto.org.br\/kongreso\/wp-json\/wp\/v2\/pages\/2354\/revisions\/2706"}],"up":[{"embeddable":true,"href":"https:\/\/esperanto.org.br\/kongreso\/wp-json\/wp\/v2\/pages\/2097"}],"wp:attachment":[{"href":"https:\/\/esperanto.org.br\/kongreso\/wp-json\/wp\/v2\/media?parent=2354"}],"curies":[{"name":"wp","href":"https:\/\/api.w.org\/{rel}","templated":true}]}}