{"id":2541,"date":"2025-05-02T15:20:42","date_gmt":"2025-05-02T18:20:42","guid":{"rendered":"https:\/\/esperanto.org.br\/kongreso\/?page_id=2541"},"modified":"2025-05-03T17:38:16","modified_gmt":"2025-05-03T20:38:16","slug":"tago-1","status":"publish","type":"page","link":"https:\/\/esperanto.org.br\/kongreso\/antaukongreso\/tago-1\/","title":{"rendered":"Tago 1: Unu tago en Braziljo"},"content":{"rendered":"\n<div class=\"wp-block-cover alignfull has-palette-color-3-color has-text-color has-link-color wp-elements-caff40d1ba94d200afac0b28e4d2fb54\" style=\"min-height:30vh;aspect-ratio:unset;\"><img decoding=\"async\" width=\"800\" height=\"565\" class=\"wp-block-cover__image-background wp-image-2544 size-full\" alt=\"\" src=\"https:\/\/esperanto.org.br\/kongreso\/wp-content\/uploads\/2025\/05\/tago1.2-ezgif.com-jpg-to-webp-converter.webp\" data-object-fit=\"cover\" srcset=\"https:\/\/esperanto.org.br\/kongreso\/wp-content\/uploads\/2025\/05\/tago1.2-ezgif.com-jpg-to-webp-converter.webp 800w, https:\/\/esperanto.org.br\/kongreso\/wp-content\/uploads\/2025\/05\/tago1.2-ezgif.com-jpg-to-webp-converter-300x212.webp 300w, https:\/\/esperanto.org.br\/kongreso\/wp-content\/uploads\/2025\/05\/tago1.2-ezgif.com-jpg-to-webp-converter-768x542.webp 768w, https:\/\/esperanto.org.br\/kongreso\/wp-content\/uploads\/2025\/05\/tago1.2-ezgif.com-jpg-to-webp-converter-18x12.webp 18w\" sizes=\"(max-width: 800px) 100vw, 800px\" \/><span aria-hidden=\"true\" class=\"wp-block-cover__background has-palette-color-7-background-color has-background-dim-70 has-background-dim\"><\/span><div class=\"wp-block-cover__inner-container is-layout-constrained wp-block-cover-is-layout-constrained\"><h1 class=\"wp-block-post-title\">Tago 1: Unu tago en Braziljo<\/h1>\n\n<\/div><\/div>\n\n\n\n<p>Vizitantoj kaj lo\u011dantoj de la \u0109efurbo havos plenan promenadon la\u016d tero kaj tra Lago Parano\u00e1. En \u0109i tiu ekskurso, ni unue promenos tra la plej granda senpolucia artefarita urba lago en la mondo.<\/p>\n\n\n\n<p>Post la promeno kaj tagman\u011do, la ekskursanoj povos koni la monumentojn de la urbokerno, en Esplanada dos Minist\u00e9rios, kie ni faros civitanan kaj historian voja\u011don en Congresso Nacional.<\/p>\n\n\n\n<p>La itinero havas historiajn, kulturajn kaj arkitektajn vidinda\u0135oj de la \u0109efurbo, kiel Congresso Nacional, Memorial JK, Pra\u00e7a dos Tr\u00eas Poderes, Pal\u00e1cio da Alvorada, Catedral Metropolitana, inter aliaj. Krome, la partoprenantoj havos momentojn por fotado kaj kontemplado en strategiaj haltejoj.<\/p>\n\n\n\n<div class=\"wp-block-group alignfull has-palette-color-7-background-color has-background is-layout-constrained wp-block-group-is-layout-constrained\">\n<div class=\"wp-block-group is-layout-grid wp-container-core-group-is-layout-cb1fd70c wp-block-group-is-layout-grid\">\n<div class=\"wp-block-group is-layout-constrained wp-block-group-is-layout-constrained\">\n<figure class=\"wp-block-image aligncenter size-full\"><img decoding=\"async\" width=\"500\" height=\"300\" src=\"https:\/\/esperanto.org.br\/kongreso\/wp-content\/uploads\/2025\/05\/tago1.4.webp\" alt=\"\" class=\"wp-image-2640\" srcset=\"https:\/\/esperanto.org.br\/kongreso\/wp-content\/uploads\/2025\/05\/tago1.4.webp 500w, https:\/\/esperanto.org.br\/kongreso\/wp-content\/uploads\/2025\/05\/tago1.4-300x180.webp 300w, https:\/\/esperanto.org.br\/kongreso\/wp-content\/uploads\/2025\/05\/tago1.4-18x12.webp 18w\" sizes=\"(max-width: 500px) 100vw, 500px\" \/><\/figure>\n\n\n\n<h2 class=\"wp-block-heading has-text-align-center\" style=\"font-size:clamp(0.984em, 0.984rem + ((1vw - 0.2em) * 0.645), 1.5em);\">Museu Vivo da Mem\u00f3ria Candanga<\/h2>\n\n\n\n<p>Spaco kun etoso de la historia de la konstruo de Braziljo. Kiam oni vizitas je Museu Vivo da Mem\u00f3ria Candanga, oni sentas kvaza\u016d en tempovoja\u011do. La scenoj, objektoj kaj fotoj en la loko memorigas pri la komenco de la brazila \u0109efurbo, urbo kreita de son\u011do de <a href=\"https:\/\/eo.wikipedia.org\/wiki\/Juscelino_Kubitschek\" data-type=\"link\" data-id=\"https:\/\/eo.wikipedia.org\/wiki\/Juscelino_Kubitschek\" target=\"_blank\" rel=\"noreferrer noopener\">Juscelino Kubitschek<\/a>. Kaj \u011duste pro JK la historia de la spaco i\u011das e\u0109 pli interesa.<\/p>\n<\/div>\n\n\n\n<div class=\"wp-block-group is-layout-constrained wp-block-group-is-layout-constrained\">\n<figure class=\"wp-block-image aligncenter size-full\"><img decoding=\"async\" width=\"500\" height=\"300\" src=\"https:\/\/esperanto.org.br\/kongreso\/wp-content\/uploads\/2025\/05\/tago1.5.webp\" alt=\"\" class=\"wp-image-2648\" srcset=\"https:\/\/esperanto.org.br\/kongreso\/wp-content\/uploads\/2025\/05\/tago1.5.webp 500w, https:\/\/esperanto.org.br\/kongreso\/wp-content\/uploads\/2025\/05\/tago1.5-300x180.webp 300w, https:\/\/esperanto.org.br\/kongreso\/wp-content\/uploads\/2025\/05\/tago1.5-18x12.webp 18w\" sizes=\"(max-width: 500px) 100vw, 500px\" \/><\/figure>\n\n\n\n<h2 class=\"wp-block-heading has-text-align-center\" style=\"font-size:clamp(0.984em, 0.984rem + ((1vw - 0.2em) * 0.645), 1.5em);\">Museu Catetinho<\/h2>\n\n\n\n<p>Catetinho estis la unua oficiala lo\u011dejo de la prezidento Juscelino Kubitschek en la nova Federacia Distrikto dum la tempo de la konstruo de la nova \u0109efurbo de la lando, Braziljo. Projektita de <a href=\"https:\/\/eo.wikipedia.org\/wiki\/Oscar_Niemeyer\" data-type=\"link\" data-id=\"https:\/\/eo.wikipedia.org\/wiki\/Oscar_Niemeyer\" target=\"_blank\" rel=\"noreferrer noopener\">Oscar Niemeyer<\/a>, \u011di estis konstruita en nur 10 tagoj, dum novembro 1956. \u011ci estas simpla konstrua\u0135o, farita el ligno kaj konata kiel &#8220;Tabula Palaco&#8221;.<\/p>\n<\/div>\n\n\n\n<div class=\"wp-block-group is-layout-constrained wp-block-group-is-layout-constrained\">\n<figure class=\"wp-block-image aligncenter size-full\"><img decoding=\"async\" width=\"500\" height=\"300\" src=\"https:\/\/esperanto.org.br\/kongreso\/wp-content\/uploads\/2025\/05\/tago1.6.webp\" alt=\"\" class=\"wp-image-2643\" srcset=\"https:\/\/esperanto.org.br\/kongreso\/wp-content\/uploads\/2025\/05\/tago1.6.webp 500w, https:\/\/esperanto.org.br\/kongreso\/wp-content\/uploads\/2025\/05\/tago1.6-300x180.webp 300w, https:\/\/esperanto.org.br\/kongreso\/wp-content\/uploads\/2025\/05\/tago1.6-18x12.webp 18w\" sizes=\"(max-width: 500px) 100vw, 500px\" \/><\/figure>\n\n\n\n<h2 class=\"wp-block-heading has-text-align-center\" style=\"font-size:clamp(0.984em, 0.984rem + ((1vw - 0.2em) * 0.645), 1.5em);\">Congresso Nacional<\/h2>\n\n\n\n<p>Pal\u00e1cio do Congresso Nacional estas unu el la kolonoj de la monumenta arkitekturo de Neimeyer kiu donas formon al la \u0109efurbo ina\u016dgurita en 1960. La tracidia turismado al Congresso Nacional inkluzivas la \u0109efaj emblemaj spacoj, kiel la Nigra Salono, la Verda Salono, la kunsidejoj de la \u0108ambro de Deputitoj kaj de la Senato, krom aliaj areoj, kiel la Historia Muzeo Itamar Franco kaj la Muzeo de la \u0108ambro de Deputitoj.<\/p>\n<\/div>\n\n\n\n<div class=\"wp-block-group is-layout-constrained wp-block-group-is-layout-constrained\">\n<figure class=\"wp-block-image aligncenter size-full\"><img decoding=\"async\" width=\"500\" height=\"300\" src=\"https:\/\/esperanto.org.br\/kongreso\/wp-content\/uploads\/2025\/05\/tago1.7.webp\" alt=\"\" class=\"wp-image-2644\" srcset=\"https:\/\/esperanto.org.br\/kongreso\/wp-content\/uploads\/2025\/05\/tago1.7.webp 500w, https:\/\/esperanto.org.br\/kongreso\/wp-content\/uploads\/2025\/05\/tago1.7-300x180.webp 300w, https:\/\/esperanto.org.br\/kongreso\/wp-content\/uploads\/2025\/05\/tago1.7-18x12.webp 18w\" sizes=\"(max-width: 500px) 100vw, 500px\" \/><\/figure>\n\n\n\n<h2 class=\"wp-block-heading has-text-align-center\" style=\"font-size:clamp(0.984em, 0.984rem + ((1vw - 0.2em) * 0.645), 1.5em);\">Memorial JK<\/h2>\n\n\n\n<p>Memorial JK estas spaco dedi\u0109ita al gardi la historion kaj la kadavro de Juscelino Kubitschek, brazila prezidento kiu \u015dan\u011dis la brazila \u0109efurbon de Rio-de-\u0134anejro al Braziljo. La konstrua\u0135o, fama pro la statuo de JK, kiu mansvingas al la vizitantoj de supre 28-eta\u011da turo, estis projektita de Oscar Niemeyer kaj ina\u016dgurita en 1981.<\/p>\n<\/div>\n<\/div>\n<\/div>\n\n\n\n<div class=\"wp-block-columns alignfull has-palette-color-7-color has-palette-color-2-background-color has-text-color has-background has-link-color wp-elements-ae520bd97111bc1f8c3b348a32241cb0 is-layout-flex wp-container-core-columns-is-layout-87535699 wp-block-columns-is-layout-flex\" style=\"margin-top:0;margin-bottom:0;padding-top:0;padding-right:0;padding-bottom:0;padding-left:0\">\n<div class=\"wp-block-column is-layout-flow wp-block-column-is-layout-flow\" style=\"flex-basis:40%\">\n<div class=\"wp-block-cover wp-elements-090b23de48c20d158466ca01ab4f742a\" style=\"min-height:100%;aspect-ratio:unset;\"><img decoding=\"async\" width=\"400\" height=\"491\" class=\"wp-block-cover__image-background wp-image-2543 size-full\" alt=\"\" src=\"https:\/\/esperanto.org.br\/kongreso\/wp-content\/uploads\/2025\/05\/tago1.1.webp\" data-object-fit=\"cover\" srcset=\"https:\/\/esperanto.org.br\/kongreso\/wp-content\/uploads\/2025\/05\/tago1.1.webp 400w, https:\/\/esperanto.org.br\/kongreso\/wp-content\/uploads\/2025\/05\/tago1.1-244x300.webp 244w, https:\/\/esperanto.org.br\/kongreso\/wp-content\/uploads\/2025\/05\/tago1.1-10x12.webp 10w\" sizes=\"(max-width: 400px) 100vw, 400px\" \/><span aria-hidden=\"true\" class=\"wp-block-cover__background has-palette-color-3-background-color has-background-dim-70 has-background-dim\"><\/span><div class=\"wp-block-cover__inner-container is-layout-constrained wp-block-cover-is-layout-constrained\">\n<h3 class=\"wp-block-heading has-text-align-center\" id=\"tago-3\">Unu tago en Braziljo<\/h3>\n\n\n\n<p class=\"has-text-align-center\">Tago 1: 16\/11<\/p>\n<\/div><\/div>\n<\/div>\n\n\n\n<div class=\"wp-block-column is-layout-flow wp-block-column-is-layout-flow\" style=\"padding-top:var(--wp--preset--spacing--30);padding-right:var(--wp--preset--spacing--20);padding-bottom:var(--wp--preset--spacing--30);padding-left:var(--wp--preset--spacing--20);flex-basis:35em\">\n<ul class=\"wp-block-list\">\n<li><strong>Libera matenman\u011do<\/strong><\/li>\n\n\n\n<li><strong>09:00 &#8211; Renkonti\u011do en la deir-punkto<\/strong><br>Gvidado en la portugala kaj en esperanto<\/li>\n\n\n\n<li><strong>09:30 &#8211; Eliro el la renkonti\u011dejo<\/strong><br>Boata promeno dum la mateno por ekkoni la urbon de na\u016dtika vidpunkto<\/li>\n\n\n\n<li><strong>12:30 &#8211; Libera tagman\u011do en loka restoracio<\/strong><br>Kontra\u016dpeza man\u011dado<\/li>\n\n\n\n<li><strong>14:00 &#8211; Da\u016drigo de la promeno<\/strong><br>Unu el la jenaj ebloj<sup data-fn=\"baf238bc-1492-4467-9f92-cbb63912974b\" class=\"fn\"><a href=\"#baf238bc-1492-4467-9f92-cbb63912974b\" id=\"baf238bc-1492-4467-9f92-cbb63912974b-link\">1<\/a><\/sup>:\n<ul class=\"wp-block-list\">\n<li>Museu Vivo da Mem\u00f3ria Candanga<\/li>\n\n\n\n<li>Museu do Catetinho<\/li>\n\n\n\n<li>Memorial JK<\/li>\n<\/ul>\n<\/li>\n\n\n\n<li><strong>17:00 &#8211; Fino de la promeno kaj libera tempo<\/strong><\/li>\n\n\n\n<li><strong>19:00 &#8211; Promeno en Feirinha da Torre da TV kaj libera vesperman\u011do<\/strong><\/li>\n\n\n\n<li><strong>21:30 &#8211; Reveno<\/strong><\/li>\n<\/ul>\n\n\n<ol class=\"wp-block-footnotes\"><li id=\"baf238bc-1492-4467-9f92-cbb63912974b\">Konsiderante la tempon por la boata promeno kaj la tagman\u011do, eblos viziti nur unu vidinda\u0135on dum la civitana promeno. <a href=\"#baf238bc-1492-4467-9f92-cbb63912974b-link\" aria-label=\"Salti al piednota referenco 1\">\u21a9\ufe0e<\/a><\/li><\/ol><\/div>\n<\/div>\n\n\n\n<div class=\"wp-block-group alignfull has-palette-color-5-background-color has-background is-content-justification-center is-layout-flex wp-container-core-group-is-layout-b02886af wp-block-group-is-layout-flex\">\n<h4 class=\"wp-block-heading has-text-align-center\">Prezo por &#8220;Unu tago en Braziljo&#8221;<\/h4>\n\n\n\n<p class=\"has-palette-color-2-color has-text-color has-link-color wp-elements-e09354e6b28d86a82f64ea1affa4b0ab\" style=\"font-size:clamp(1.25em, 1.25rem + ((1vw - 0.2em) * 0.938), 2em);\"><strong>R$ 275,00<\/strong><\/p>\n\n\n\n<div class=\"wp-block-buttons is-layout-flex wp-block-buttons-is-layout-flex\">\n<div class=\"wp-block-button\"><a class=\"wp-block-button__link wp-element-button\" href=\"https:\/\/esperanto.org.br\/kongreso\/antaukongreso\/aligxilo\/\">Mendi tuj<\/a><\/div>\n<\/div>\n<\/div>\n\n\n\n<div class=\"wp-block-buttons is-content-justification-center is-layout-flex wp-container-core-buttons-is-layout-a89b3969 wp-block-buttons-is-layout-flex\">\n<div class=\"wp-block-button is-style-outline is-style-outline--1\"><a class=\"wp-block-button__link wp-element-button\" href=\"https:\/\/esperanto.org.br\/kongreso\/antaukongreso\/\">Reveni al la pa\u011do de la anta\u016dkongreso<\/a><\/div>\n<\/div>\n","protected":false},"excerpt":{"rendered":"<p>Vizitantoj kaj lo\u011dantoj de la \u0109efurbo havos plenan promenadon la\u016d tero kaj tra Lago Parano\u00e1. En \u0109i tiu ekskurso, ni unue promenos tra la plej granda senpolucia artefarita urba lago en la mondo. Post la promeno kaj tagman\u011do, la ekskursanoj povos koni la monumentojn de la urbokerno, en Esplanada dos Minist\u00e9rios, kie ni faros civitanan [&hellip;]<\/p>\n","protected":false},"author":3,"featured_media":0,"parent":2097,"menu_order":0,"comment_status":"closed","ping_status":"closed","template":"","meta":{"iawp_total_views":204,"footnotes":"[{\"content\":\"Konsiderante la tempon por la boata promeno kaj la tagman\u011do, eblos viziti nur unu vidinda\u0135on dum la civitana promeno.\",\"id\":\"baf238bc-1492-4467-9f92-cbb63912974b\"}]"},"class_list":["post-2541","page","type-page","status-publish","hentry"],"blocksy_meta":{"has_hero_section":"disabled","styles_descriptor":{"styles":{"desktop":"","tablet":"","mobile":""},"google_fonts":[],"version":6},"content_style_source":"inherit","vertical_spacing_source":"custom","content_area_spacing":"bottom"},"_links":{"self":[{"href":"https:\/\/esperanto.org.br\/kongreso\/wp-json\/wp\/v2\/pages\/2541","targetHints":{"allow":["GET"]}}],"collection":[{"href":"https:\/\/esperanto.org.br\/kongreso\/wp-json\/wp\/v2\/pages"}],"about":[{"href":"https:\/\/esperanto.org.br\/kongreso\/wp-json\/wp\/v2\/types\/page"}],"author":[{"embeddable":true,"href":"https:\/\/esperanto.org.br\/kongreso\/wp-json\/wp\/v2\/users\/3"}],"replies":[{"embeddable":true,"href":"https:\/\/esperanto.org.br\/kongreso\/wp-json\/wp\/v2\/comments?post=2541"}],"version-history":[{"count":41,"href":"https:\/\/esperanto.org.br\/kongreso\/wp-json\/wp\/v2\/pages\/2541\/revisions"}],"predecessor-version":[{"id":2654,"href":"https:\/\/esperanto.org.br\/kongreso\/wp-json\/wp\/v2\/pages\/2541\/revisions\/2654"}],"up":[{"embeddable":true,"href":"https:\/\/esperanto.org.br\/kongreso\/wp-json\/wp\/v2\/pages\/2097"}],"wp:attachment":[{"href":"https:\/\/esperanto.org.br\/kongreso\/wp-json\/wp\/v2\/media?parent=2541"}],"curies":[{"name":"wp","href":"https:\/\/api.w.org\/{rel}","templated":true}]}}