{"id":2568,"date":"2025-05-02T15:45:42","date_gmt":"2025-05-02T18:45:42","guid":{"rendered":"https:\/\/esperanto.org.br\/kongreso\/?page_id=2568"},"modified":"2025-05-03T17:39:20","modified_gmt":"2025-05-03T20:39:20","slug":"tago-3","status":"publish","type":"page","link":"https:\/\/esperanto.org.br\/kongreso\/antaukongreso\/tago-3\/","title":{"rendered":"Tago 3: Oro en Pirenopolo"},"content":{"rendered":"\n<div class=\"wp-block-cover alignfull has-palette-color-3-color has-text-color has-link-color wp-elements-157b8aabe5b6dfc5910a42ae005504f0\" style=\"min-height:30vh;aspect-ratio:unset;\"><img decoding=\"async\" width=\"800\" height=\"523\" class=\"wp-block-cover__image-background wp-image-2626 size-full\" alt=\"\" src=\"https:\/\/esperanto.org.br\/kongreso\/wp-content\/uploads\/2025\/05\/tago3.2.webp\" style=\"object-position:51% 62%\" data-object-fit=\"cover\" data-object-position=\"51% 62%\" srcset=\"https:\/\/esperanto.org.br\/kongreso\/wp-content\/uploads\/2025\/05\/tago3.2.webp 800w, https:\/\/esperanto.org.br\/kongreso\/wp-content\/uploads\/2025\/05\/tago3.2-300x196.webp 300w, https:\/\/esperanto.org.br\/kongreso\/wp-content\/uploads\/2025\/05\/tago3.2-768x502.webp 768w, https:\/\/esperanto.org.br\/kongreso\/wp-content\/uploads\/2025\/05\/tago3.2-18x12.webp 18w\" sizes=\"(max-width: 800px) 100vw, 800px\" \/><span aria-hidden=\"true\" class=\"wp-block-cover__background has-palette-color-7-background-color has-background-dim-70 has-background-dim\"><\/span><div class=\"wp-block-cover__inner-container is-layout-constrained wp-block-cover-is-layout-constrained\"><h1 class=\"wp-block-post-title\">Tago 3: Oro en Pirenopolo<\/h1>\n\n<\/div><\/div>\n\n\n\n<p>Inter stratoj kun \u015dtona pavimo kaj konoliaj domegoj de la 18-a jarcento, la sunsubiro anoncas la finon de alia bela tago en la historia urbo Pirenopolo, en Gojaso. Anta\u016d la multkoloraj pordoj kaj fenestroj kaj la bela rigardo al la Rivero Das Almas, turistoj promenas tra la bukolika Historia Centro kaj \u011duas la kamparan veteron. Post tago de pla\u0109aj bani\u011do en akvofaloj, estas tempo por sati\u011di per la tipaj pladoj kaj bonaj restoracioj de la regiono. Perfekta kombino por tiuj, kiuj volas malstre\u0109i\u011di kaj forlasi la rapida \u0109iutaga vivo de la grandaj urboj.<\/p>\n\n\n\n<p>Profitu \u0109iun minuton kaj mergi\u011du plej rapide eble en la ritmon de Pirenopolo. Vi ne bezonos multe da tempo por senti sin brakumita de \u0109i tiu \u0109arma peceto de la brazila kamparo.<\/p>\n\n\n\n<div class=\"wp-block-columns alignfull has-palette-color-7-color has-palette-color-2-background-color has-text-color has-background has-link-color wp-elements-ddd0ae205846d73a19ae56977578dcbb is-layout-flex wp-container-core-columns-is-layout-87535699 wp-block-columns-is-layout-flex\" style=\"margin-top:0;margin-bottom:0;padding-top:0;padding-right:0;padding-bottom:0;padding-left:0\">\n<div class=\"wp-block-column is-layout-flow wp-block-column-is-layout-flow\" style=\"flex-basis:40%\">\n<div class=\"wp-block-cover wp-elements-4c7911b6ae33a6da23c7721b33b594e5\" style=\"min-height:100%;aspect-ratio:unset;\"><img decoding=\"async\" width=\"400\" height=\"498\" class=\"wp-block-cover__image-background wp-image-2580 size-full\" alt=\"\" src=\"https:\/\/esperanto.org.br\/kongreso\/wp-content\/uploads\/2025\/05\/tago3.1.webp\" style=\"object-position:50% 100%\" data-object-fit=\"cover\" data-object-position=\"50% 100%\" srcset=\"https:\/\/esperanto.org.br\/kongreso\/wp-content\/uploads\/2025\/05\/tago3.1.webp 400w, https:\/\/esperanto.org.br\/kongreso\/wp-content\/uploads\/2025\/05\/tago3.1-241x300.webp 241w, https:\/\/esperanto.org.br\/kongreso\/wp-content\/uploads\/2025\/05\/tago3.1-10x12.webp 10w\" sizes=\"(max-width: 400px) 100vw, 400px\" \/><span aria-hidden=\"true\" class=\"wp-block-cover__background has-palette-color-3-background-color has-background-dim-70 has-background-dim\"><\/span><div class=\"wp-block-cover__inner-container is-layout-constrained wp-block-cover-is-layout-constrained\">\n<h3 class=\"wp-block-heading has-text-align-center\" id=\"tago-3\">Oro en Pirenopolo<\/h3>\n\n\n\n<p class=\"has-text-align-center\">Tago 3: 18\/11<\/p>\n<\/div><\/div>\n<\/div>\n\n\n\n<div class=\"wp-block-column is-layout-flow wp-block-column-is-layout-flow\" style=\"padding-top:var(--wp--preset--spacing--30);padding-right:var(--wp--preset--spacing--20);padding-bottom:var(--wp--preset--spacing--30);padding-left:var(--wp--preset--spacing--20);flex-basis:35em\">\n<ul class=\"wp-block-list\">\n<li><strong>Libera matenman\u011do<\/strong><\/li>\n\n\n\n<li><strong>08:00 &#8211; Renkonti\u011do en la deir-punkto<\/strong><br>Gvidado en la portugala kaj en esperanto<\/li>\n\n\n\n<li><strong>08:30 &#8211; Eliro el la renkonti\u011dejo<\/strong><br>Voja\u011do cele al Pirenopolo.<\/li>\n\n\n\n<li><strong>12:30 &#8211; Libera tagman\u011do en loka restoracio<\/strong><br>Kontra\u016dpeza man\u011dado<\/li>\n\n\n\n<li><strong>14:00 &#8211; Da\u016drigo de la promeno<\/strong><\/li>\n\n\n\n<li><strong>17:00 &#8211; Fino de la promeno kaj libera tempo<\/strong><\/li>\n\n\n\n<li><strong>20:00 &#8211; Libera vesperman\u011do<\/strong><\/li>\n<\/ul>\n<\/div>\n<\/div>\n\n\n\n<div class=\"wp-block-group alignfull has-palette-color-5-background-color has-background is-content-justification-center is-layout-flex wp-container-core-group-is-layout-b02886af wp-block-group-is-layout-flex\">\n<h4 class=\"wp-block-heading has-text-align-center\">Prezo por &#8220;Oro en Pirenopolo&#8221;<\/h4>\n\n\n\n<p class=\"has-palette-color-2-color has-text-color has-link-color wp-elements-9e1edb79585044bbac10bc681aced30d\" style=\"font-size:clamp(1.25em, 1.25rem + ((1vw - 0.2em) * 0.938), 2em);\"><strong>R$ 375,00<\/strong><\/p>\n\n\n\n<div class=\"wp-block-buttons is-layout-flex wp-block-buttons-is-layout-flex\">\n<div class=\"wp-block-button\"><a class=\"wp-block-button__link wp-element-button\" href=\"https:\/\/esperanto.org.br\/kongreso\/antaukongreso\/aligxilo\/\">Mendi tuj<\/a><\/div>\n<\/div>\n<\/div>\n\n\n\n<div class=\"wp-block-buttons is-content-justification-center is-layout-flex wp-container-core-buttons-is-layout-a89b3969 wp-block-buttons-is-layout-flex\">\n<div class=\"wp-block-button is-style-outline is-style-outline--1\"><a class=\"wp-block-button__link wp-element-button\" href=\"https:\/\/esperanto.org.br\/kongreso\/antaukongreso\/\">Reveni al la pa\u011do de la anta\u016dkongreso<\/a><\/div>\n<\/div>\n","protected":false},"excerpt":{"rendered":"<p>Inter stratoj kun \u015dtona pavimo kaj konoliaj domegoj de la 18-a jarcento, la sunsubiro anoncas la finon de alia bela tago en la historia urbo Pirenopolo, en Gojaso. Anta\u016d la multkoloraj pordoj kaj fenestroj kaj la bela rigardo al la Rivero Das Almas, turistoj promenas tra la bukolika Historia Centro kaj \u011duas la kamparan veteron. [&hellip;]<\/p>\n","protected":false},"author":3,"featured_media":0,"parent":2097,"menu_order":0,"comment_status":"closed","ping_status":"closed","template":"","meta":{"iawp_total_views":126,"footnotes":""},"class_list":["post-2568","page","type-page","status-publish","hentry"],"blocksy_meta":{"has_hero_section":"disabled","vertical_spacing_source":"custom","content_area_spacing":"bottom","styles_descriptor":{"styles":{"desktop":"","tablet":"","mobile":""},"google_fonts":[],"version":6}},"_links":{"self":[{"href":"https:\/\/esperanto.org.br\/kongreso\/wp-json\/wp\/v2\/pages\/2568","targetHints":{"allow":["GET"]}}],"collection":[{"href":"https:\/\/esperanto.org.br\/kongreso\/wp-json\/wp\/v2\/pages"}],"about":[{"href":"https:\/\/esperanto.org.br\/kongreso\/wp-json\/wp\/v2\/types\/page"}],"author":[{"embeddable":true,"href":"https:\/\/esperanto.org.br\/kongreso\/wp-json\/wp\/v2\/users\/3"}],"replies":[{"embeddable":true,"href":"https:\/\/esperanto.org.br\/kongreso\/wp-json\/wp\/v2\/comments?post=2568"}],"version-history":[{"count":7,"href":"https:\/\/esperanto.org.br\/kongreso\/wp-json\/wp\/v2\/pages\/2568\/revisions"}],"predecessor-version":[{"id":2656,"href":"https:\/\/esperanto.org.br\/kongreso\/wp-json\/wp\/v2\/pages\/2568\/revisions\/2656"}],"up":[{"embeddable":true,"href":"https:\/\/esperanto.org.br\/kongreso\/wp-json\/wp\/v2\/pages\/2097"}],"wp:attachment":[{"href":"https:\/\/esperanto.org.br\/kongreso\/wp-json\/wp\/v2\/media?parent=2568"}],"curies":[{"name":"wp","href":"https:\/\/api.w.org\/{rel}","templated":true}]}}