{"id":849,"date":"2022-07-25T22:38:23","date_gmt":"2022-07-26T01:38:23","guid":{"rendered":"https:\/\/esperanto.org.br\/kongreso\/?page_id=849"},"modified":"2025-11-19T17:10:53","modified_gmt":"2025-11-19T20:10:53","slug":"kongresanoj","status":"publish","type":"page","link":"https:\/\/esperanto.org.br\/kongreso\/kongresanoj\/","title":{"rendered":"Listo de Kongresanoj"},"content":{"rendered":"\n<p>Sube sekvas la listo de la kongresanoj nuntempe ali\u011dintaj al la evento. Vi povas uzi je Ctrl+F (Cmd+F) por kontroli \u0109u via nomo aperas en \u011di.<\/p>\n\n\n\n<p>\u0108i tiu listo estis \u011disdatigita je la <strong>19-a de novembro 2025<\/strong>.<\/p>\n\n\n\n<figure class=\"wp-block-table\"><table><thead><tr><th class=\"has-text-align-center\" data-align=\"center\">N-ro<\/th><th class=\"has-text-align-center\" data-align=\"center\">UF<\/th><th>Urbo<\/th><th>Nomo<\/th><th>Kategorio<\/th><\/tr><\/thead><tbody><tr><td class=\"has-text-align-center\" data-align=\"center\">1<\/td><td class=\"has-text-align-center\" data-align=\"center\">AL<\/td><td>Masejoo<\/td><td>Arist\u00f3phio Filho<\/td><td>BEL-ano<\/td><\/tr><tr><td class=\"has-text-align-center\" data-align=\"center\">2<\/td><td class=\"has-text-align-center\" data-align=\"center\">AL<\/td><td>Masejoo<\/td><td>Querino Neto<\/td><td>BEJO-ano<\/td><\/tr><tr><td class=\"has-text-align-center\" data-align=\"center\">3<\/td><td class=\"has-text-align-center\" data-align=\"center\">AL<\/td><td>Piasabusuo<\/td><td>Emerson<\/td><td>BEJO-ano<\/td><\/tr><tr><td class=\"has-text-align-center\" data-align=\"center\">4<\/td><td class=\"has-text-align-center\" data-align=\"center\">AM<\/td><td>Mana\u016dso<\/td><td>Maria Soares<\/td><td>BEL-ano<\/td><\/tr><tr><td class=\"has-text-align-center\" data-align=\"center\">5<\/td><td class=\"has-text-align-center\" data-align=\"center\">BA<\/td><td>Fejra-de-Santano<\/td><td>Therezinha<\/td><td>BEL-ano<\/td><\/tr><tr><td class=\"has-text-align-center\" data-align=\"center\">6<\/td><td class=\"has-text-align-center\" data-align=\"center\">BA<\/td><td>La\u016dro-de-Frejto<\/td><td>Laila<\/td><td>BEJO-ano<\/td><\/tr><tr><td class=\"has-text-align-center\" data-align=\"center\">7<\/td><td class=\"has-text-align-center\" data-align=\"center\">BA<\/td><td>Salvadoro<\/td><td>Elisia<\/td><td>BEL-ano<\/td><\/tr><tr><td class=\"has-text-align-center\" data-align=\"center\">8<\/td><td class=\"has-text-align-center\" data-align=\"center\">BA<\/td><td>Salvadoro<\/td><td>Izabel Alves de Andrade<\/td><td>BEL-ano<\/td><\/tr><tr><td class=\"has-text-align-center\" data-align=\"center\">9<\/td><td class=\"has-text-align-center\" data-align=\"center\">BA<\/td><td>Salvadoro<\/td><td>Juliceia Silva<\/td><td>BEL-ano<\/td><\/tr><tr><td class=\"has-text-align-center\" data-align=\"center\">10<\/td><td class=\"has-text-align-center\" data-align=\"center\">CE<\/td><td>Fortalezo<\/td><td>Iraneide<\/td><td>Familiano<\/td><\/tr><tr><td class=\"has-text-align-center\" data-align=\"center\">11<\/td><td class=\"has-text-align-center\" data-align=\"center\">CE<\/td><td>Fortalezo<\/td><td>Wandemberg<\/td><td>BEL-ano<\/td><\/tr><tr><td class=\"has-text-align-center\" data-align=\"center\">12<\/td><td class=\"has-text-align-center\" data-align=\"center\">CE<\/td><td>Fortalezo<\/td><td>Wilson<\/td><td>BEL-ano<\/td><\/tr><tr><td class=\"has-text-align-center\" data-align=\"center\">13<\/td><td class=\"has-text-align-center\" data-align=\"center\">DF<\/td><td>Braziljo<\/td><td>Andr\u00e9 G\u00f3es<\/td><td>BEL-ano<\/td><\/tr><tr><td class=\"has-text-align-center\" data-align=\"center\">14<\/td><td class=\"has-text-align-center\" data-align=\"center\">DF<\/td><td>Braziljo<\/td><td>Andr\u00e9 Yosan<\/td><td>BEL-ano<\/td><\/tr><tr><td class=\"has-text-align-center\" data-align=\"center\">15<\/td><td class=\"has-text-align-center\" data-align=\"center\">DF<\/td><td>Braziljo<\/td><td>Ari<\/td><td>BEL-ano<\/td><\/tr><tr><td class=\"has-text-align-center\" data-align=\"center\">16<\/td><td class=\"has-text-align-center\" data-align=\"center\">DF<\/td><td>Braziljo<\/td><td>Ary Lessa<\/td><td>BEL-ano<\/td><\/tr><tr><td class=\"has-text-align-center\" data-align=\"center\">17<\/td><td class=\"has-text-align-center\" data-align=\"center\">DF<\/td><td>Braziljo<\/td><td>Belsono<\/td><td>BEL-ano<\/td><\/tr><tr><td class=\"has-text-align-center\" data-align=\"center\">18<\/td><td class=\"has-text-align-center\" data-align=\"center\">DF<\/td><td>Braziljo<\/td><td>Dinalva<\/td><td>BEL-ano<\/td><\/tr><tr><td class=\"has-text-align-center\" data-align=\"center\">19<\/td><td class=\"has-text-align-center\" data-align=\"center\">DF<\/td><td>Braziljo<\/td><td>Domane<\/td><td>BEL-ano<\/td><\/tr><tr><td class=\"has-text-align-center\" data-align=\"center\">20<\/td><td class=\"has-text-align-center\" data-align=\"center\">DF<\/td><td>Braziljo<\/td><td>Eida<\/td><td>BEL-ano<\/td><\/tr><tr><td class=\"has-text-align-center\" data-align=\"center\">21<\/td><td class=\"has-text-align-center\" data-align=\"center\">DF<\/td><td>Braziljo<\/td><td>Elton<\/td><td>BEL-ano<\/td><\/tr><tr><td class=\"has-text-align-center\" data-align=\"center\">22<\/td><td class=\"has-text-align-center\" data-align=\"center\">DF<\/td><td>Braziljo<\/td><td>Emerson Werneck<\/td><td>Handikapulo<\/td><\/tr><tr><td class=\"has-text-align-center\" data-align=\"center\">23<\/td><td class=\"has-text-align-center\" data-align=\"center\">DF<\/td><td>Braziljo<\/td><td>Enivaldo<\/td><td>BEL-ano<\/td><\/tr><tr><td class=\"has-text-align-center\" data-align=\"center\">24<\/td><td class=\"has-text-align-center\" data-align=\"center\">DF<\/td><td>Braziljo<\/td><td>F\u00e1tima<\/td><td>Familiano<\/td><\/tr><tr><td class=\"has-text-align-center\" data-align=\"center\">25<\/td><td class=\"has-text-align-center\" data-align=\"center\">DF<\/td><td>Braziljo<\/td><td>F\u00e1tima Guimar\u00e3es<\/td><td>Ne ano<\/td><\/tr><tr><td class=\"has-text-align-center\" data-align=\"center\">26<\/td><td class=\"has-text-align-center\" data-align=\"center\">DF<\/td><td>Braziljo<\/td><td>Fl\u00e1vio Fonseca<\/td><td>BEL-ano<\/td><\/tr><tr><td class=\"has-text-align-center\" data-align=\"center\">27<\/td><td class=\"has-text-align-center\" data-align=\"center\">DF<\/td><td>Braziljo<\/td><td>Francisco<\/td><td>BEL-ano<\/td><\/tr><tr><td class=\"has-text-align-center\" data-align=\"center\">28<\/td><td class=\"has-text-align-center\" data-align=\"center\">DF<\/td><td>Braziljo<\/td><td>Gallindo<\/td><td>BEL-ano<\/td><\/tr><tr><td class=\"has-text-align-center\" data-align=\"center\">29<\/td><td class=\"has-text-align-center\" data-align=\"center\">DF<\/td><td>Braziljo<\/td><td>Ilson<\/td><td>BEL-ano<\/td><\/tr><tr><td class=\"has-text-align-center\" data-align=\"center\">30<\/td><td class=\"has-text-align-center\" data-align=\"center\">DF<\/td><td>Braziljo<\/td><td>Iran<\/td><td>Handikapulo<\/td><\/tr><tr><td class=\"has-text-align-center\" data-align=\"center\">31<\/td><td class=\"has-text-align-center\" data-align=\"center\">DF<\/td><td>Braziljo<\/td><td>Izabel Emilia Telles de Vasconcelos Souza<\/td><td>Ne ano<\/td><\/tr><tr><td class=\"has-text-align-center\" data-align=\"center\">32<\/td><td class=\"has-text-align-center\" data-align=\"center\">DF<\/td><td>Braziljo<\/td><td>James Correa Caldas<\/td><td>Ne ano<\/td><\/tr><tr><td class=\"has-text-align-center\" data-align=\"center\">33<\/td><td class=\"has-text-align-center\" data-align=\"center\">DF<\/td><td>Braziljo<\/td><td>Joaquim Brasil<\/td><td>BEL-ano<\/td><\/tr><tr><td class=\"has-text-align-center\" data-align=\"center\">34<\/td><td class=\"has-text-align-center\" data-align=\"center\">DF<\/td><td>Braziljo<\/td><td>J\u00f3nior<\/td><td>Handikapulo<\/td><\/tr><tr><td class=\"has-text-align-center\" data-align=\"center\">35<\/td><td class=\"has-text-align-center\" data-align=\"center\">DF<\/td><td>Braziljo<\/td><td>Judy Pirangi<\/td><td>Handikapulo<\/td><\/tr><tr><td class=\"has-text-align-center\" data-align=\"center\">36<\/td><td class=\"has-text-align-center\" data-align=\"center\">DF<\/td><td>Braziljo<\/td><td>La\u00eds de Fatima Duarte de Lacerda<\/td><td>Ne ano<\/td><\/tr><tr><td class=\"has-text-align-center\" data-align=\"center\">37<\/td><td class=\"has-text-align-center\" data-align=\"center\">DF<\/td><td>Braziljo<\/td><td>L\u00edcio<\/td><td>BEL-ano<\/td><\/tr><tr><td class=\"has-text-align-center\" data-align=\"center\">38<\/td><td class=\"has-text-align-center\" data-align=\"center\">DF<\/td><td>Braziljo<\/td><td>Luiz Otavio Gomes Sanrom\u00e3<\/td><td>BEL-ano<\/td><\/tr><tr><td class=\"has-text-align-center\" data-align=\"center\">39<\/td><td class=\"has-text-align-center\" data-align=\"center\">DF<\/td><td>Braziljo<\/td><td>Maria Angela<\/td><td>Familiano<\/td><\/tr><tr><td class=\"has-text-align-center\" data-align=\"center\">40<\/td><td class=\"has-text-align-center\" data-align=\"center\">DF<\/td><td>Braziljo<\/td><td>Maria Aparecida<\/td><td>Ne ano<\/td><\/tr><tr><td class=\"has-text-align-center\" data-align=\"center\">41<\/td><td class=\"has-text-align-center\" data-align=\"center\">DF<\/td><td>Braziljo<\/td><td>Maria Barcellos<\/td><td>BEL-ano<\/td><\/tr><tr><td class=\"has-text-align-center\" data-align=\"center\">42<\/td><td class=\"has-text-align-center\" data-align=\"center\">DF<\/td><td>Braziljo<\/td><td>Maria das Dores G\u00f3es<\/td><td>BEL-ano<\/td><\/tr><tr><td class=\"has-text-align-center\" data-align=\"center\">43<\/td><td class=\"has-text-align-center\" data-align=\"center\">DF<\/td><td>Braziljo<\/td><td>Maria Vitoria<\/td><td>Ne ano<\/td><\/tr><tr><td class=\"has-text-align-center\" data-align=\"center\">44<\/td><td class=\"has-text-align-center\" data-align=\"center\">DF<\/td><td>Braziljo<\/td><td>Marina March Mietto<\/td><td>Ne ano<\/td><\/tr><tr><td class=\"has-text-align-center\" data-align=\"center\">45<\/td><td class=\"has-text-align-center\" data-align=\"center\">DF<\/td><td>Braziljo<\/td><td>N\u00e9ia L\u00facia<\/td><td>BEL-ano<\/td><\/tr><tr><td class=\"has-text-align-center\" data-align=\"center\">46<\/td><td class=\"has-text-align-center\" data-align=\"center\">DF<\/td><td>Braziljo<\/td><td>Paulo Nascentes<\/td><td>BEL-ano<\/td><\/tr><tr><td class=\"has-text-align-center\" data-align=\"center\">47<\/td><td class=\"has-text-align-center\" data-align=\"center\">DF<\/td><td>Braziljo<\/td><td>Ruy C\u00e9sar Silva<\/td><td>Ne ano<\/td><\/tr><tr><td class=\"has-text-align-center\" data-align=\"center\">48<\/td><td class=\"has-text-align-center\" data-align=\"center\">DF<\/td><td>Braziljo<\/td><td>Sofia March Mietto de S\u00e1<\/td><td>Ne ano<\/td><\/tr><tr><td class=\"has-text-align-center\" data-align=\"center\">49<\/td><td class=\"has-text-align-center\" data-align=\"center\">DF<\/td><td>Braziljo<\/td><td>S\u00f4nia L\u00facio<\/td><td>BEL-ano<\/td><\/tr><tr><td class=\"has-text-align-center\" data-align=\"center\">50<\/td><td class=\"has-text-align-center\" data-align=\"center\">DF<\/td><td>Braziljo<\/td><td>Suely<\/td><td>Familiano<\/td><\/tr><tr><td class=\"has-text-align-center\" data-align=\"center\">51<\/td><td class=\"has-text-align-center\" data-align=\"center\">DF<\/td><td>Braziljo<\/td><td>Za\u00edra<\/td><td>Ne ano<\/td><\/tr><tr><td class=\"has-text-align-center\" data-align=\"center\">52<\/td><td class=\"has-text-align-center\" data-align=\"center\">DF<\/td><td>Tagvatingo<\/td><td>Euripedes<\/td><td>BEL-ano<\/td><\/tr><tr><td class=\"has-text-align-center\" data-align=\"center\">53<\/td><td class=\"has-text-align-center\" data-align=\"center\">ES<\/td><td>Vila-Veljo<\/td><td>Gamito<\/td><td>BEJO-ano<\/td><\/tr><tr><td class=\"has-text-align-center\" data-align=\"center\">54<\/td><td class=\"has-text-align-center\" data-align=\"center\">GO<\/td><td>Alto-Paraizo-de-Gojaso<\/td><td>Ursula<\/td><td>BEL-ano<\/td><\/tr><tr><td class=\"has-text-align-center\" data-align=\"center\">55<\/td><td class=\"has-text-align-center\" data-align=\"center\">GO<\/td><td>Katalano<\/td><td>Helena<\/td><td>BEL-ano<\/td><\/tr><tr><td class=\"has-text-align-center\" data-align=\"center\">56<\/td><td class=\"has-text-align-center\" data-align=\"center\">GO<\/td><td>Gojanjo<\/td><td>Belkiss Brasil<\/td><td>BEJO-ano<\/td><\/tr><tr><td class=\"has-text-align-center\" data-align=\"center\">57<\/td><td class=\"has-text-align-center\" data-align=\"center\">GO<\/td><td>Gojanjo<\/td><td>Brun\u00ea<\/td><td>BEJO-ano<\/td><\/tr><tr><td class=\"has-text-align-center\" data-align=\"center\">58<\/td><td class=\"has-text-align-center\" data-align=\"center\">GO<\/td><td>Gojanjo<\/td><td>Carol<\/td><td>BEL-ano<\/td><\/tr><tr><td class=\"has-text-align-center\" data-align=\"center\">59<\/td><td class=\"has-text-align-center\" data-align=\"center\">GO<\/td><td>Gojanjo<\/td><td>F\u00e1bio Santos<\/td><td>BEL-ano<\/td><\/tr><tr><td class=\"has-text-align-center\" data-align=\"center\">60<\/td><td class=\"has-text-align-center\" data-align=\"center\">GO<\/td><td>Gojanjo<\/td><td>Lucca Brasil<\/td><td>BEJO-ano<\/td><\/tr><tr><td class=\"has-text-align-center\" data-align=\"center\">61<\/td><td class=\"has-text-align-center\" data-align=\"center\">GO<\/td><td>Gojanjo<\/td><td>Myrella Brasil<\/td><td>BEL-ano<\/td><\/tr><tr><td class=\"has-text-align-center\" data-align=\"center\">62<\/td><td class=\"has-text-align-center\" data-align=\"center\">MG<\/td><td>Belo-Horizonto<\/td><td>Job<\/td><td>BEL-ano<\/td><\/tr><tr><td class=\"has-text-align-center\" data-align=\"center\">63<\/td><td class=\"has-text-align-center\" data-align=\"center\">MG<\/td><td>Belo-Horizonto<\/td><td>La\u00eds Lyra Hatencia<\/td><td>BEJO-ano<\/td><\/tr><tr><td class=\"has-text-align-center\" data-align=\"center\">64<\/td><td class=\"has-text-align-center\" data-align=\"center\">MG<\/td><td>Belo-Horizonto<\/td><td>Merian<\/td><td>Familiano<\/td><\/tr><tr><td class=\"has-text-align-center\" data-align=\"center\">65<\/td><td class=\"has-text-align-center\" data-align=\"center\">MG<\/td><td>Belo-Horizonto<\/td><td>Vicente Sales<\/td><td>BEL-ano<\/td><\/tr><tr><td class=\"has-text-align-center\" data-align=\"center\">66<\/td><td class=\"has-text-align-center\" data-align=\"center\">MG<\/td><td>Karangolo<\/td><td>Patr\u00edcia Guerra Radsack<\/td><td>BEL-ano<\/td><\/tr><tr><td class=\"has-text-align-center\" data-align=\"center\">67<\/td><td class=\"has-text-align-center\" data-align=\"center\">MG<\/td><td>Divinopolo<\/td><td>Sarah<\/td><td>BEL-ano<\/td><\/tr><tr><td class=\"has-text-align-center\" data-align=\"center\">68<\/td><td class=\"has-text-align-center\" data-align=\"center\">MG<\/td><td>\u0134uiz-de-Foro<\/td><td>Fabio Fortes<\/td><td>BEL-ano<\/td><\/tr><tr><td class=\"has-text-align-center\" data-align=\"center\">69<\/td><td class=\"has-text-align-center\" data-align=\"center\">MG<\/td><td>Teofilo-Otono<\/td><td>Ana Paula<\/td><td>BEL-ano<\/td><\/tr><tr><td class=\"has-text-align-center\" data-align=\"center\">70<\/td><td class=\"has-text-align-center\" data-align=\"center\">MG<\/td><td>Uberlando<\/td><td>Diva<\/td><td>Ne ano<\/td><\/tr><tr><td class=\"has-text-align-center\" data-align=\"center\">71<\/td><td class=\"has-text-align-center\" data-align=\"center\">MG<\/td><td>Uberlando<\/td><td>Jo\u00e3o George<\/td><td>BEL-ano<\/td><\/tr><tr><td class=\"has-text-align-center\" data-align=\"center\">72<\/td><td class=\"has-text-align-center\" data-align=\"center\">MS<\/td><td>Kampo-Grando<\/td><td>Alice Godoi<\/td><td>Familiano<\/td><\/tr><tr><td class=\"has-text-align-center\" data-align=\"center\">73<\/td><td class=\"has-text-align-center\" data-align=\"center\">MS<\/td><td>Kampo-Grando<\/td><td>Godoi<\/td><td>BEL-ano<\/td><\/tr><tr><td class=\"has-text-align-center\" data-align=\"center\">74<\/td><td class=\"has-text-align-center\" data-align=\"center\">PE<\/td><td>Resifo<\/td><td>Igor Almeida<\/td><td>BEJO-ano<\/td><\/tr><tr><td class=\"has-text-align-center\" data-align=\"center\">75<\/td><td class=\"has-text-align-center\" data-align=\"center\">PE<\/td><td>Resifo<\/td><td>Marton<\/td><td>BEJO-ano<\/td><\/tr><tr><td class=\"has-text-align-center\" data-align=\"center\">76<\/td><td class=\"has-text-align-center\" data-align=\"center\">RJ<\/td><td>Kampos-dos-Gojtakazo<\/td><td>Ilmar<\/td><td>BEL-ano<\/td><\/tr><tr><td class=\"has-text-align-center\" data-align=\"center\">77<\/td><td class=\"has-text-align-center\" data-align=\"center\">RJ<\/td><td>Kampos-dos-Gojtakazo<\/td><td>Ubiracema<\/td><td>Familiano<\/td><\/tr><tr><td class=\"has-text-align-center\" data-align=\"center\">78<\/td><td class=\"has-text-align-center\" data-align=\"center\">RJ<\/td><td>Niterojo<\/td><td>\u00c1lvaro de Oliveira<\/td><td>BEL-ano<\/td><\/tr><tr><td class=\"has-text-align-center\" data-align=\"center\">79<\/td><td class=\"has-text-align-center\" data-align=\"center\">RJ<\/td><td>Niterojo<\/td><td>Beth<\/td><td>BEL-ano<\/td><\/tr><tr><td class=\"has-text-align-center\" data-align=\"center\">80<\/td><td class=\"has-text-align-center\" data-align=\"center\">RJ<\/td><td>Niterojo<\/td><td>Gra\u00e7a Thuler<\/td><td>BEL-ano<\/td><\/tr><tr><td class=\"has-text-align-center\" data-align=\"center\">81<\/td><td class=\"has-text-align-center\" data-align=\"center\">RJ<\/td><td>Niterojo<\/td><td>Mariza Rodrigues de Oliveira<\/td><td>Familiano<\/td><\/tr><tr><td class=\"has-text-align-center\" data-align=\"center\">82<\/td><td class=\"has-text-align-center\" data-align=\"center\">RJ<\/td><td>Niterojo<\/td><td>Nilma Thuler<\/td><td>Familiano<\/td><\/tr><tr><td class=\"has-text-align-center\" data-align=\"center\">83<\/td><td class=\"has-text-align-center\" data-align=\"center\">RJ<\/td><td>Petropolo<\/td><td>M\u00e1rcio Santos Nascimento<\/td><td>BEL-ano<\/td><\/tr><tr><td class=\"has-text-align-center\" data-align=\"center\">84<\/td><td class=\"has-text-align-center\" data-align=\"center\">RJ<\/td><td>Rio-de-\u0134anejro<\/td><td>Allan Argolo<\/td><td>BEL-ano<\/td><\/tr><tr><td class=\"has-text-align-center\" data-align=\"center\">85<\/td><td class=\"has-text-align-center\" data-align=\"center\">RJ<\/td><td>Rio-de-\u0134anejro<\/td><td>Alvaro Motta<\/td><td>BEL-ano<\/td><\/tr><tr><td class=\"has-text-align-center\" data-align=\"center\">86<\/td><td class=\"has-text-align-center\" data-align=\"center\">RJ<\/td><td>Rio-de-\u0134anejro<\/td><td>Andressa<\/td><td>BEL-ano<\/td><\/tr><tr><td class=\"has-text-align-center\" data-align=\"center\">87<\/td><td class=\"has-text-align-center\" data-align=\"center\">RJ<\/td><td>Rio-de-\u0134anejro<\/td><td>Elmir dos Santos Lima<\/td><td>BEL-ano<\/td><\/tr><tr><td class=\"has-text-align-center\" data-align=\"center\">88<\/td><td class=\"has-text-align-center\" data-align=\"center\">RJ<\/td><td>Rio-de-\u0134anejro<\/td><td>F\u00e1tima<\/td><td>BEL-ano<\/td><\/tr><tr><td class=\"has-text-align-center\" data-align=\"center\">89<\/td><td class=\"has-text-align-center\" data-align=\"center\">RJ<\/td><td>Rio-de-\u0134anejro<\/td><td>Fernando Maia Jr.<\/td><td>BEL-ano<\/td><\/tr><tr><td class=\"has-text-align-center\" data-align=\"center\">90<\/td><td class=\"has-text-align-center\" data-align=\"center\">RJ<\/td><td>Rio-de-\u0134anejro<\/td><td>Helder Vieira Lopes<\/td><td>BEL-ano<\/td><\/tr><tr><td class=\"has-text-align-center\" data-align=\"center\">91<\/td><td class=\"has-text-align-center\" data-align=\"center\">RJ<\/td><td>Rio-de-\u0134anejro<\/td><td>Ingrid<\/td><td>Familiano<\/td><\/tr><tr><td class=\"has-text-align-center\" data-align=\"center\">92<\/td><td class=\"has-text-align-center\" data-align=\"center\">RJ<\/td><td>Rio-de-\u0134anejro<\/td><td>Jo\u00e3o<\/td><td>BEL-ano<\/td><\/tr><tr><td class=\"has-text-align-center\" data-align=\"center\">93<\/td><td class=\"has-text-align-center\" data-align=\"center\">RJ<\/td><td>Rio-de-\u0134anejro<\/td><td>Jussara Evangelista de Menezes Lima<\/td><td>Familiano<\/td><\/tr><tr><td class=\"has-text-align-center\" data-align=\"center\">94<\/td><td class=\"has-text-align-center\" data-align=\"center\">RJ<\/td><td>Rio-de-\u0134anejro<\/td><td>Maria Amelia Di Gioia Ferreira<\/td><td>Familiano<\/td><\/tr><tr><td class=\"has-text-align-center\" data-align=\"center\">95<\/td><td class=\"has-text-align-center\" data-align=\"center\">RJ<\/td><td>Rio-de-\u0134anejro<\/td><td>Sonia Fortunato<\/td><td>BEL-ano<\/td><\/tr><tr><td class=\"has-text-align-center\" data-align=\"center\">96<\/td><td class=\"has-text-align-center\" data-align=\"center\">RJ<\/td><td>Rio-de-\u0134anejro<\/td><td>Terezinha<\/td><td>Familiano<\/td><\/tr><tr><td class=\"has-text-align-center\" data-align=\"center\">97<\/td><td class=\"has-text-align-center\" data-align=\"center\">RJ<\/td><td>Rio-de-\u0134anejro<\/td><td>Valeria Mattos<\/td><td>BEL-ano<\/td><\/tr><tr><td class=\"has-text-align-center\" data-align=\"center\">98<\/td><td class=\"has-text-align-center\" data-align=\"center\">RN<\/td><td>Natalo<\/td><td>Alena Aleksandra<\/td><td>Familiano<\/td><\/tr><tr><td class=\"has-text-align-center\" data-align=\"center\">99<\/td><td class=\"has-text-align-center\" data-align=\"center\">RN<\/td><td>Natalo<\/td><td>Ricardo Araujo Pinto<\/td><td>BEL-ano<\/td><\/tr><tr><td class=\"has-text-align-center\" data-align=\"center\">100<\/td><td class=\"has-text-align-center\" data-align=\"center\">RS<\/td><td>Ka\u015doejrinjo<\/td><td>Eduardo Nascimento Garcia<\/td><td>BEJO-ano<\/td><\/tr><tr><td class=\"has-text-align-center\" data-align=\"center\">101<\/td><td class=\"has-text-align-center\" data-align=\"center\">RS<\/td><td>Porto-Alegro<\/td><td>Eu\u011denjo<\/td><td>Ne ano<\/td><\/tr><tr><td class=\"has-text-align-center\" data-align=\"center\">102<\/td><td class=\"has-text-align-center\" data-align=\"center\">RS<\/td><td>Porto-Alegro<\/td><td>Mi\u0125aelo<\/td><td>BEJO-ano<\/td><\/tr><tr><td class=\"has-text-align-center\" data-align=\"center\">103<\/td><td class=\"has-text-align-center\" data-align=\"center\">RS<\/td><td>Porto-Alegro<\/td><td>Tiago<\/td><td>BEJO-ano<\/td><\/tr><tr><td class=\"has-text-align-center\" data-align=\"center\">104<\/td><td class=\"has-text-align-center\" data-align=\"center\">SE<\/td><td>Araka\u0135uo<\/td><td>Waldo Cruz Oliveira<\/td><td>BEL-ano<\/td><\/tr><tr><td class=\"has-text-align-center\" data-align=\"center\">105<\/td><td class=\"has-text-align-center\" data-align=\"center\">SP<\/td><td>Aru\u0135ao<\/td><td>Ana<\/td><td>BEL-ano<\/td><\/tr><tr><td class=\"has-text-align-center\" data-align=\"center\">106<\/td><td class=\"has-text-align-center\" data-align=\"center\">SP<\/td><td>Kampino<\/td><td>Helena Truzzi \u00c1vila<\/td><td>BEJO-ano<\/td><\/tr><tr><td class=\"has-text-align-center\" data-align=\"center\">107<\/td><td class=\"has-text-align-center\" data-align=\"center\">SP<\/td><td>Kananeo<\/td><td>Luana<\/td><td>BEL-ano<\/td><\/tr><tr><td class=\"has-text-align-center\" data-align=\"center\">108<\/td><td class=\"has-text-align-center\" data-align=\"center\">SP<\/td><td>Sedralo<\/td><td>Natilia<\/td><td>Handikapulo<\/td><\/tr><tr><td class=\"has-text-align-center\" data-align=\"center\">109<\/td><td class=\"has-text-align-center\" data-align=\"center\">SP<\/td><td>Iljabelo<\/td><td>Cristina de Graaf<\/td><td>BEL-ano<\/td><\/tr><tr><td class=\"has-text-align-center\" data-align=\"center\">110<\/td><td class=\"has-text-align-center\" data-align=\"center\">SP<\/td><td>Iljabelo<\/td><td>Wilian Gomes<\/td><td>BEL-ano<\/td><\/tr><tr><td class=\"has-text-align-center\" data-align=\"center\">111<\/td><td class=\"has-text-align-center\" data-align=\"center\">SP<\/td><td>\u0134undiaio<\/td><td>Eugenio Morais<\/td><td>BEL-ano<\/td><\/tr><tr><td class=\"has-text-align-center\" data-align=\"center\">112<\/td><td class=\"has-text-align-center\" data-align=\"center\">SP<\/td><td>Pa\u016dlinjo<\/td><td>James<\/td><td>BEL-ano<\/td><\/tr><tr><td class=\"has-text-align-center\" data-align=\"center\">113<\/td><td class=\"has-text-align-center\" data-align=\"center\">SP<\/td><td>Pa\u016dlinjo<\/td><td>Kadu<\/td><td>BEL-ano<\/td><\/tr><tr><td class=\"has-text-align-center\" data-align=\"center\">114<\/td><td class=\"has-text-align-center\" data-align=\"center\">SP<\/td><td>San-Pa\u016dlo<\/td><td>Felipe Duarte<\/td><td>Ne ano<\/td><\/tr><tr><td class=\"has-text-align-center\" data-align=\"center\">115<\/td><td class=\"has-text-align-center\" data-align=\"center\">SP<\/td><td>San-Pa\u016dlo<\/td><td>Thiago Ballestero<\/td><td>BEJO-ano<\/td><\/tr><tr><td class=\"has-text-align-center\" data-align=\"center\">116<\/td><td class=\"has-text-align-center\" data-align=\"center\">EX<\/td><td>Germanio &#8211; Munkeno<\/td><td>Friedrich Bernhard Hilpert<\/td><td>Eksterlandano<\/td><\/tr><tr><td class=\"has-text-align-center\" data-align=\"center\">117<\/td><td class=\"has-text-align-center\" data-align=\"center\">EX<\/td><td>Argentino &#8211; Bonaero<\/td><td>Ale<\/td><td>Eksterlandano<\/td><\/tr><tr><td class=\"has-text-align-center\" data-align=\"center\">118<\/td><td class=\"has-text-align-center\" data-align=\"center\">EX<\/td><td>Kubo &#8211; Regla<\/td><td>Fernando Paredes<\/td><td>Eksterlandano<\/td><\/tr><tr><td class=\"has-text-align-center\" data-align=\"center\">119<\/td><td class=\"has-text-align-center\" data-align=\"center\">EX<\/td><td>Japanio &#8211; Kameoka<\/td><td>KIMURA<\/td><td>Eksterlandano<\/td><\/tr><\/tbody><\/table><\/figure>\n","protected":false},"excerpt":{"rendered":"<p>Sube sekvas la listo de la kongresanoj nuntempe ali\u011dintaj al la evento. Vi povas uzi je Ctrl+F (Cmd+F) por kontroli \u0109u via nomo aperas en \u011di. \u0108i tiu listo estis \u011disdatigita je la 19-a de novembro 2025. N-ro UF Urbo Nomo Kategorio 1 AL Masejoo Arist\u00f3phio Filho BEL-ano 2 AL Masejoo Querino Neto BEJO-ano 3 [&hellip;]<\/p>\n","protected":false},"author":3,"featured_media":0,"parent":0,"menu_order":0,"comment_status":"closed","ping_status":"closed","template":"","meta":{"iawp_total_views":2426,"footnotes":""},"class_list":["post-849","page","type-page","status-publish","hentry"],"blocksy_meta":{"styles_descriptor":{"styles":{"desktop":"","tablet":"","mobile":""},"google_fonts":[],"version":6}},"_links":{"self":[{"href":"https:\/\/esperanto.org.br\/kongreso\/wp-json\/wp\/v2\/pages\/849","targetHints":{"allow":["GET"]}}],"collection":[{"href":"https:\/\/esperanto.org.br\/kongreso\/wp-json\/wp\/v2\/pages"}],"about":[{"href":"https:\/\/esperanto.org.br\/kongreso\/wp-json\/wp\/v2\/types\/page"}],"author":[{"embeddable":true,"href":"https:\/\/esperanto.org.br\/kongreso\/wp-json\/wp\/v2\/users\/3"}],"replies":[{"embeddable":true,"href":"https:\/\/esperanto.org.br\/kongreso\/wp-json\/wp\/v2\/comments?post=849"}],"version-history":[{"count":129,"href":"https:\/\/esperanto.org.br\/kongreso\/wp-json\/wp\/v2\/pages\/849\/revisions"}],"predecessor-version":[{"id":2780,"href":"https:\/\/esperanto.org.br\/kongreso\/wp-json\/wp\/v2\/pages\/849\/revisions\/2780"}],"wp:attachment":[{"href":"https:\/\/esperanto.org.br\/kongreso\/wp-json\/wp\/v2\/media?parent=849"}],"curies":[{"name":"wp","href":"https:\/\/api.w.org\/{rel}","templated":true}]}}