{"id":927,"date":"2022-07-30T10:50:40","date_gmt":"2022-07-30T13:50:40","guid":{"rendered":"https:\/\/esperanto.org.br\/kongreso\/?page_id=927"},"modified":"2025-09-05T14:34:19","modified_gmt":"2025-09-05T17:34:19","slug":"kongresejo","status":"publish","type":"page","link":"https:\/\/esperanto.org.br\/kongreso\/kongresejo\/","title":{"rendered":"Kongresejo"},"content":{"rendered":"\n<div class=\"wp-block-columns is-layout-flex wp-container-core-columns-is-layout-28f84493 wp-block-columns-is-layout-flex\">\n<div class=\"wp-block-column is-layout-flow wp-block-column-is-layout-flow\" style=\"flex-basis:50%\">\n<p>\u0108i-jare, ni kunsidos \u0109e Memorial Darcy Ribeiro (Beij\u00f3dromo), en la Universito de Braziljo.<\/p>\n\n\n\n<p>La plej granda salono entenas \u011dis 300 homojn por asembleoj kaj solena\u0135oj. Krom \u011di, estos 3 aliaj \u0109ambroj por okazigi la prelegojn\/atelierojn. Aldone, estas vegana restoracio, nome Utopia Caf\u00e9 Bistr\u00f4, kiu estos je la servo de niaj kongresanoj.<\/p>\n<\/div>\n\n\n\n<div class=\"wp-block-column is-layout-flow wp-block-column-is-layout-flow\" style=\"flex-basis:50%\">\n<div class=\"wp-block-getwid-images-slider has-arrows-inside has-dots-none has-images-center has-cropped-images\"><div class=\"wp-block-getwid-images-slider__wrapper\" data-effect=\"slide\" data-slides-show=\"1\" data-slides-show-laptop=\"1\" data-slides-show-tablet=\"1\" data-slides-show-mobile=\"1\" data-slides-scroll=\"1\" data-autoplay=\"true\" data-pause-hover=\"false\" data-autoplay-speed=\"4000\" data-infinite=\"true\" data-animation-speed=\"800\" data-center-mode=\"false\" data-variable-width=\"false\" data-arrows=\"inside\" data-dots=\"none\" data-spacing=\"none\"><div class=\"wp-block-getwid-images-slider__item\"><a href=\"https:\/\/esperanto.org.br\/kongreso\/wp-content\/uploads\/2025\/09\/IMG_5943-1.jpg\"><figure><img decoding=\"async\" width=\"768\" height=\"512\" src=\"https:\/\/esperanto.org.br\/kongreso\/wp-content\/uploads\/2025\/09\/IMG_5943-1.jpg\" data-id=\"2732\" data-link=\"https:\/\/esperanto.org.br\/kongreso\/kongresejo\/img_5943-1\/\" data-original-link=\"https:\/\/esperanto.org.br\/kongreso\/wp-content\/uploads\/2025\/09\/IMG_5943-1.jpg\" class=\"wp-block-getwid-images-slider__image wp-image-2732\" srcset=\"https:\/\/esperanto.org.br\/kongreso\/wp-content\/uploads\/2025\/09\/IMG_5943-1.jpg 768w, https:\/\/esperanto.org.br\/kongreso\/wp-content\/uploads\/2025\/09\/IMG_5943-1-300x200.jpg 300w, https:\/\/esperanto.org.br\/kongreso\/wp-content\/uploads\/2025\/09\/IMG_5943-1-18x12.jpg 18w\" sizes=\"(max-width: 768px) 100vw, 768px\" \/><\/figure><\/a><\/div><div class=\"wp-block-getwid-images-slider__item\"><a href=\"https:\/\/esperanto.org.br\/kongreso\/wp-content\/uploads\/2025\/09\/memorial6.jpg\"><figure><img decoding=\"async\" width=\"1024\" height=\"683\" src=\"https:\/\/esperanto.org.br\/kongreso\/wp-content\/uploads\/2025\/09\/memorial6.jpg\" data-id=\"2727\" data-link=\"https:\/\/esperanto.org.br\/kongreso\/kongresejo\/memorial6\/\" data-original-link=\"https:\/\/esperanto.org.br\/kongreso\/wp-content\/uploads\/2025\/09\/memorial6.jpg\" class=\"wp-block-getwid-images-slider__image wp-image-2727\" srcset=\"https:\/\/esperanto.org.br\/kongreso\/wp-content\/uploads\/2025\/09\/memorial6.jpg 1024w, https:\/\/esperanto.org.br\/kongreso\/wp-content\/uploads\/2025\/09\/memorial6-300x200.jpg 300w, https:\/\/esperanto.org.br\/kongreso\/wp-content\/uploads\/2025\/09\/memorial6-768x512.jpg 768w, https:\/\/esperanto.org.br\/kongreso\/wp-content\/uploads\/2025\/09\/memorial6-18x12.jpg 18w\" sizes=\"(max-width: 1024px) 100vw, 1024px\" \/><\/figure><\/a><\/div><div class=\"wp-block-getwid-images-slider__item\"><a href=\"https:\/\/esperanto.org.br\/kongreso\/wp-content\/uploads\/2025\/09\/IMG_5998.jpg\"><figure><img decoding=\"async\" width=\"768\" height=\"512\" src=\"https:\/\/esperanto.org.br\/kongreso\/wp-content\/uploads\/2025\/09\/IMG_5998.jpg\" data-id=\"2728\" data-link=\"https:\/\/esperanto.org.br\/kongreso\/kongresejo\/img_5998\/\" data-original-link=\"https:\/\/esperanto.org.br\/kongreso\/wp-content\/uploads\/2025\/09\/IMG_5998.jpg\" class=\"wp-block-getwid-images-slider__image wp-image-2728\" srcset=\"https:\/\/esperanto.org.br\/kongreso\/wp-content\/uploads\/2025\/09\/IMG_5998.jpg 768w, https:\/\/esperanto.org.br\/kongreso\/wp-content\/uploads\/2025\/09\/IMG_5998-300x200.jpg 300w, https:\/\/esperanto.org.br\/kongreso\/wp-content\/uploads\/2025\/09\/IMG_5998-18x12.jpg 18w\" sizes=\"(max-width: 768px) 100vw, 768px\" \/><\/figure><\/a><\/div><div class=\"wp-block-getwid-images-slider__item\"><a href=\"https:\/\/esperanto.org.br\/kongreso\/wp-content\/uploads\/2025\/09\/110330_Beijodromo_141-1.jpg\"><figure><img decoding=\"async\" width=\"2000\" height=\"1333\" src=\"https:\/\/esperanto.org.br\/kongreso\/wp-content\/uploads\/2025\/09\/110330_Beijodromo_141-1.jpg\" data-id=\"2730\" data-link=\"https:\/\/esperanto.org.br\/kongreso\/kongresejo\/110330_beijodromo_141-1\/\" data-original-link=\"https:\/\/esperanto.org.br\/kongreso\/wp-content\/uploads\/2025\/09\/110330_Beijodromo_141-1.jpg\" class=\"wp-block-getwid-images-slider__image wp-image-2730\" srcset=\"https:\/\/esperanto.org.br\/kongreso\/wp-content\/uploads\/2025\/09\/110330_Beijodromo_141-1.jpg 2000w, https:\/\/esperanto.org.br\/kongreso\/wp-content\/uploads\/2025\/09\/110330_Beijodromo_141-1-300x200.jpg 300w, https:\/\/esperanto.org.br\/kongreso\/wp-content\/uploads\/2025\/09\/110330_Beijodromo_141-1-1024x682.jpg 1024w, https:\/\/esperanto.org.br\/kongreso\/wp-content\/uploads\/2025\/09\/110330_Beijodromo_141-1-768x512.jpg 768w, https:\/\/esperanto.org.br\/kongreso\/wp-content\/uploads\/2025\/09\/110330_Beijodromo_141-1-1536x1024.jpg 1536w, https:\/\/esperanto.org.br\/kongreso\/wp-content\/uploads\/2025\/09\/110330_Beijodromo_141-1-18x12.jpg 18w\" sizes=\"(max-width: 2000px) 100vw, 2000px\" \/><\/figure><\/a><\/div><\/div><\/div>\n<\/div>\n<\/div>\n\n\n\n<div class=\"wp-block-group alignfull has-palette-color-2-background-color has-background is-layout-constrained wp-block-group-is-layout-constrained\">\n<h2 class=\"wp-block-heading has-palette-color-7-color has-text-color has-link-color wp-elements-513dd88b35aa495b6cc95e7bf2d3b09c\">Adreso<\/h2>\n\n\n\n<div class=\"wp-block-columns is-layout-flex wp-container-core-columns-is-layout-28f84493 wp-block-columns-is-layout-flex\">\n<div class=\"wp-block-column is-vertically-aligned-center is-layout-flow wp-block-column-is-layout-flow\" style=\"flex-basis:50%\">\n<div class=\"wp-block-group has-palette-color-7-background-color has-background is-content-justification-center is-layout-constrained wp-block-group-is-layout-constrained\" style=\"border-top-left-radius:0px;border-top-right-radius:50px;border-bottom-left-radius:25px;border-bottom-right-radius:25px\">\n<p><strong>Memorial Darcy Ribeiro (Beij\u00f3dromo)<\/strong>: UnB &#8211; Asa Norte, Bras\u00edlia &#8211; DF, 70910-900<\/p>\n<\/div>\n<\/div>\n\n\n\n<div class=\"wp-block-column is-vertically-aligned-center is-layout-flow wp-block-column-is-layout-flow\" style=\"flex-basis:50%\">\n<iframe src=\"https:\/\/www.google.com\/maps\/embed?pb=!1m18!1m12!1m3!1d3839.7571177175755!2d-47.86844482487048!3d-15.76398288487208!2m3!1f0!2f0!3f0!3m2!1i1024!2i768!4f13.1!3m3!1m2!1s0x935a3bbc5b86fbd3%3A0x388cc7bca87fe597!2sMemorial%20Darcy%20Ribeiro%20(Beijodromo)!5e0!3m2!1spt-BR!2sbr!4v1757093539981!5m2!1spt-BR!2sbr\" width=\"600\" height=\"450\" style=\"border:0;\" allowfullscreen=\"\" loading=\"lazy\" referrerpolicy=\"no-referrer-when-downgrade\"><\/iframe>\n<\/div>\n<\/div>\n<\/div>\n","protected":false},"excerpt":{"rendered":"<p>\u0108i-jare, ni kunsidos \u0109e Memorial Darcy Ribeiro (Beij\u00f3dromo), en la Universito de Braziljo. La plej granda salono entenas \u011dis 300 homojn por asembleoj kaj solena\u0135oj. Krom \u011di, estos 3 aliaj \u0109ambroj por okazigi la prelegojn\/atelierojn. Aldone, estas vegana restoracio, nome Utopia Caf\u00e9 Bistr\u00f4, kiu estos je la servo de niaj kongresanoj. Adreso Memorial Darcy Ribeiro [&hellip;]<\/p>\n","protected":false},"author":3,"featured_media":0,"parent":0,"menu_order":0,"comment_status":"closed","ping_status":"closed","template":"","meta":{"iawp_total_views":1000,"footnotes":""},"class_list":["post-927","page","type-page","status-publish","hentry"],"blocksy_meta":{"styles_descriptor":{"styles":{"desktop":"","tablet":"","mobile":""},"google_fonts":[],"version":6},"vertical_spacing_source":"custom","content_area_spacing":"top"},"_links":{"self":[{"href":"https:\/\/esperanto.org.br\/kongreso\/wp-json\/wp\/v2\/pages\/927","targetHints":{"allow":["GET"]}}],"collection":[{"href":"https:\/\/esperanto.org.br\/kongreso\/wp-json\/wp\/v2\/pages"}],"about":[{"href":"https:\/\/esperanto.org.br\/kongreso\/wp-json\/wp\/v2\/types\/page"}],"author":[{"embeddable":true,"href":"https:\/\/esperanto.org.br\/kongreso\/wp-json\/wp\/v2\/users\/3"}],"replies":[{"embeddable":true,"href":"https:\/\/esperanto.org.br\/kongreso\/wp-json\/wp\/v2\/comments?post=927"}],"version-history":[{"count":46,"href":"https:\/\/esperanto.org.br\/kongreso\/wp-json\/wp\/v2\/pages\/927\/revisions"}],"predecessor-version":[{"id":2735,"href":"https:\/\/esperanto.org.br\/kongreso\/wp-json\/wp\/v2\/pages\/927\/revisions\/2735"}],"wp:attachment":[{"href":"https:\/\/esperanto.org.br\/kongreso\/wp-json\/wp\/v2\/media?parent=927"}],"curies":[{"name":"wp","href":"https:\/\/api.w.org\/{rel}","templated":true}]}}